{"id":4859,"date":"2024-10-08T21:19:12","date_gmt":"2024-10-08T21:19:12","guid":{"rendered":"https:\/\/siluettpood.ee\/product\/https-et-shop-studio-august-com-products-cassandra-dress\/"},"modified":"2025-01-22T08:00:46","modified_gmt":"2025-01-22T08:00:46","slug":"cassandra-kleit","status":"publish","type":"product","link":"https:\/\/siluettpood.ee\/et\/cassandra-kleit\/","title":{"rendered":"Cassandra kleit"},"content":{"rendered":"<p>Slip on maxi kleit.<\/p>\n<p>Suurep\u00e4rane igap\u00e4evane baaskleit, mida saab h\u00f5lpsasti stiliseerida pidulikuks \u00fcrituseks.<\/p>\n<p>Kujundatud tihedaks sobivuseks<\/p>\n<p>Reguleeritavad \u00f5larihmad<\/p>\n<p>Sobib t\u00e4pselt suurusele<\/p>","protected":false},"excerpt":{"rendered":"<p><a href=\"https:\/\/siluettpood.ee\/et\/tootekategooria\/august\/\">AUGUST<\/a><\/p>","protected":false},"featured_media":5028,"template":"","meta":[],"product_brand":[],"product_cat":[74,59,60,42],"product_tag":[],"giftcard-category":[],"class_list":{"0":"post-4859","1":"product","2":"type-product","3":"status-publish","4":"has-post-thumbnail","6":"product_cat-august-2","7":"product_cat-clothing","8":"product_cat-dresses","9":"product_cat-women","11":"first","12":"instock","13":"shipping-taxable","14":"purchasable","15":"product-type-variable","16":"layout-style-6","17":"col-md-4 col-sm-4 col-xs-6","18":"col-lg-3","19":"product-has-gallery","20":"product-style-default"},"gallery_images":[5027,5029],"_links":{"self":[{"href":"https:\/\/siluettpood.ee\/et\/wp-json\/wp\/v2\/product\/4859","targetHints":{"allow":["GET"]}}],"collection":[{"href":"https:\/\/siluettpood.ee\/et\/wp-json\/wp\/v2\/product"}],"about":[{"href":"https:\/\/siluettpood.ee\/et\/wp-json\/wp\/v2\/types\/product"}],"version-history":[{"count":1,"href":"https:\/\/siluettpood.ee\/et\/wp-json\/wp\/v2\/product\/4859\/revisions"}],"predecessor-version":[{"id":5026,"href":"https:\/\/siluettpood.ee\/et\/wp-json\/wp\/v2\/product\/4859\/revisions\/5026"}],"wp:featuredmedia":[{"embeddable":true,"href":"https:\/\/siluettpood.ee\/et\/wp-json\/wp\/v2\/media\/5028"}],"wp:attachment":[{"href":"https:\/\/siluettpood.ee\/et\/wp-json\/wp\/v2\/media?parent=4859"}],"wp:term":[{"taxonomy":"product_brand","embeddable":true,"href":"https:\/\/siluettpood.ee\/et\/wp-json\/wp\/v2\/product_brand?post=4859"},{"taxonomy":"product_cat","embeddable":true,"href":"https:\/\/siluettpood.ee\/et\/wp-json\/wp\/v2\/product_cat?post=4859"},{"taxonomy":"product_tag","embeddable":true,"href":"https:\/\/siluettpood.ee\/et\/wp-json\/wp\/v2\/product_tag?post=4859"},{"taxonomy":"giftcard-category","embeddable":true,"href":"https:\/\/siluettpood.ee\/et\/wp-json\/wp\/v2\/giftcard-category?post=4859"}],"curies":[{"name":"wp","href":"https:\/\/api.w.org\/{rel}","templated":true}]}}