{"id":4860,"date":"2024-10-08T21:19:12","date_gmt":"2024-10-08T21:19:12","guid":{"rendered":"https:\/\/siluettpood.ee\/product\/https-et-shop-studio-august-com-products-casablanca-dress\/"},"modified":"2025-12-16T12:58:48","modified_gmt":"2025-12-16T10:58:48","slug":"casablanca-kleit","status":"publish","type":"product","link":"https:\/\/siluettpood.ee\/et\/casablanca-kleit\/","title":{"rendered":"Casablanca kleit"},"content":{"rendered":"<p>Kujundatud l\u00f5dvestunud istuvusega<\/p>\n<p>S\u00fcgavad k\u00fcljetaskud<\/p>\n<p>Langetatud \u00f5la\u00f5mblus<\/p>\n<p>Elegantne 3\/4 pikkusega varrukad<\/p>\n<p>Pehmest raskest venivast orgaanilisest puuvillast l\u00f5igatud<\/p>\n<p>Hoia see l\u00f5dvestunud v\u00f5i stiilne v\u00f6\u00f6 ja kontsadega.<\/p>","protected":false},"excerpt":{"rendered":"<p><a href=\"https:\/\/siluettpood.ee\/et\/tootekategooria\/august\/\">AUGUST<\/a><\/p>","protected":false},"featured_media":8993,"template":"","meta":[],"product_brand":[],"product_cat":[74,59,60,42],"product_tag":[],"giftcard-category":[],"class_list":{"0":"post-4860","1":"product","2":"type-product","3":"status-publish","4":"has-post-thumbnail","6":"product_cat-august-2","7":"product_cat-clothing","8":"product_cat-dresses","9":"product_cat-women","11":"first","12":"instock","13":"shipping-taxable","14":"purchasable","15":"product-type-variable","16":"layout-style-6","17":"col-md-4 col-sm-4 col-xs-6","18":"col-lg-3","19":"product-has-gallery","20":"product-style-default"},"gallery_images":[8994],"_links":{"self":[{"href":"https:\/\/siluettpood.ee\/et\/wp-json\/wp\/v2\/product\/4860","targetHints":{"allow":["GET"]}}],"collection":[{"href":"https:\/\/siluettpood.ee\/et\/wp-json\/wp\/v2\/product"}],"about":[{"href":"https:\/\/siluettpood.ee\/et\/wp-json\/wp\/v2\/types\/product"}],"version-history":[{"count":2,"href":"https:\/\/siluettpood.ee\/et\/wp-json\/wp\/v2\/product\/4860\/revisions"}],"predecessor-version":[{"id":9921,"href":"https:\/\/siluettpood.ee\/et\/wp-json\/wp\/v2\/product\/4860\/revisions\/9921"}],"wp:featuredmedia":[{"embeddable":true,"href":"https:\/\/siluettpood.ee\/et\/wp-json\/wp\/v2\/media\/8993"}],"wp:attachment":[{"href":"https:\/\/siluettpood.ee\/et\/wp-json\/wp\/v2\/media?parent=4860"}],"wp:term":[{"taxonomy":"product_brand","embeddable":true,"href":"https:\/\/siluettpood.ee\/et\/wp-json\/wp\/v2\/product_brand?post=4860"},{"taxonomy":"product_cat","embeddable":true,"href":"https:\/\/siluettpood.ee\/et\/wp-json\/wp\/v2\/product_cat?post=4860"},{"taxonomy":"product_tag","embeddable":true,"href":"https:\/\/siluettpood.ee\/et\/wp-json\/wp\/v2\/product_tag?post=4860"},{"taxonomy":"giftcard-category","embeddable":true,"href":"https:\/\/siluettpood.ee\/et\/wp-json\/wp\/v2\/giftcard-category?post=4860"}],"curies":[{"name":"wp","href":"https:\/\/api.w.org\/{rel}","templated":true}]}}