{"id":6346,"date":"2025-01-10T13:18:45","date_gmt":"2025-01-10T13:18:45","guid":{"rendered":"https:\/\/siluettpood.ee\/?post_type=product&#038;p=6346"},"modified":"2025-09-15T10:52:29","modified_gmt":"2025-09-15T10:52:29","slug":"wool-pants-ksena","status":"publish","type":"product","link":"https:\/\/siluettpood.ee\/et\/wool-pants-ksena\/","title":{"rendered":"Villased P\u00fcksid Ksena"},"content":{"rendered":"<p>Esikinnis on luku ja kahe n\u00f6\u00f6biga, p\u00fckstel on kaks k\u00fcljetaskut ning kangas on soe ja nahas\u00f5bralik. See on valmistatud k\u00f5rgekvaliteedilisest villast. Ajatu disain annab v\u00f5imaluse kombineerida omavahel erinevaid tooteid ja leida igaks olukorraks sobiv kombinatsioon.<\/p>","protected":false},"excerpt":{"rendered":"<p>MUULIN<\/p>","protected":false},"featured_media":6347,"template":"","meta":[],"product_brand":[],"product_cat":[59,103,64,42],"product_tag":[],"giftcard-category":[],"class_list":{"0":"post-6346","1":"product","2":"type-product","3":"status-publish","4":"has-post-thumbnail","6":"product_cat-clothing","7":"product_cat-muulin-2","8":"product_cat-pants","9":"product_cat-women","11":"first","12":"instock","13":"shipping-taxable","14":"purchasable","15":"product-type-variable","16":"layout-style-6","17":"col-md-4 col-sm-4 col-xs-6","18":"col-lg-3","19":"product-has-gallery","20":"product-style-default"},"gallery_images":[6348],"_links":{"self":[{"href":"https:\/\/siluettpood.ee\/et\/wp-json\/wp\/v2\/product\/6346","targetHints":{"allow":["GET"]}}],"collection":[{"href":"https:\/\/siluettpood.ee\/et\/wp-json\/wp\/v2\/product"}],"about":[{"href":"https:\/\/siluettpood.ee\/et\/wp-json\/wp\/v2\/types\/product"}],"version-history":[{"count":0,"href":"https:\/\/siluettpood.ee\/et\/wp-json\/wp\/v2\/product\/6346\/revisions"}],"wp:featuredmedia":[{"embeddable":true,"href":"https:\/\/siluettpood.ee\/et\/wp-json\/wp\/v2\/media\/6347"}],"wp:attachment":[{"href":"https:\/\/siluettpood.ee\/et\/wp-json\/wp\/v2\/media?parent=6346"}],"wp:term":[{"taxonomy":"product_brand","embeddable":true,"href":"https:\/\/siluettpood.ee\/et\/wp-json\/wp\/v2\/product_brand?post=6346"},{"taxonomy":"product_cat","embeddable":true,"href":"https:\/\/siluettpood.ee\/et\/wp-json\/wp\/v2\/product_cat?post=6346"},{"taxonomy":"product_tag","embeddable":true,"href":"https:\/\/siluettpood.ee\/et\/wp-json\/wp\/v2\/product_tag?post=6346"},{"taxonomy":"giftcard-category","embeddable":true,"href":"https:\/\/siluettpood.ee\/et\/wp-json\/wp\/v2\/giftcard-category?post=6346"}],"curies":[{"name":"wp","href":"https:\/\/api.w.org\/{rel}","templated":true}]}}