{"id":6458,"date":"2025-01-14T15:41:04","date_gmt":"2025-01-14T15:41:04","guid":{"rendered":"https:\/\/siluettpood.ee\/?post_type=product&#038;p=6458"},"modified":"2025-10-31T15:26:34","modified_gmt":"2025-10-31T15:26:34","slug":"pluus-kumm-varruka-otsas","status":"publish","type":"product","link":"https:\/\/siluettpood.ee\/et\/pluus-kumm-varruka-otsas\/","title":{"rendered":"Pluus, kumm varruka otsas"},"content":{"rendered":"<p>Pluus, varruka otstes 5cm laiune kumm. Kaelus avatav selja tagant \u00fche n\u00f6\u00f6biga. &#8220;Karvase&#8221; mustriga punasest kangast v\u00f5i siledast viskooskangast. Siledast viskooskangast pluusi kaeluse sisemine kant kinnitatud v\u00e4ikeste ilukividega.<\/p>","protected":false},"excerpt":{"rendered":"<p>RAILI N\u00d5LVAK<\/p>","protected":false},"featured_media":6459,"template":"","meta":[],"product_brand":[],"product_cat":[59,92,102,42],"product_tag":[],"giftcard-category":[],"class_list":{"0":"post-6458","1":"product","2":"type-product","3":"status-publish","4":"has-post-thumbnail","6":"product_cat-clothing","7":"product_cat-raili-nolvak-3","8":"product_cat-shirts","9":"product_cat-women","11":"first","12":"instock","13":"shipping-taxable","14":"purchasable","15":"product-type-variable","16":"layout-style-6","17":"col-md-4 col-sm-4 col-xs-6","18":"col-lg-3","19":"product-has-gallery","20":"product-style-default"},"gallery_images":[6460],"_links":{"self":[{"href":"https:\/\/siluettpood.ee\/et\/wp-json\/wp\/v2\/product\/6458","targetHints":{"allow":["GET"]}}],"collection":[{"href":"https:\/\/siluettpood.ee\/et\/wp-json\/wp\/v2\/product"}],"about":[{"href":"https:\/\/siluettpood.ee\/et\/wp-json\/wp\/v2\/types\/product"}],"version-history":[{"count":0,"href":"https:\/\/siluettpood.ee\/et\/wp-json\/wp\/v2\/product\/6458\/revisions"}],"wp:featuredmedia":[{"embeddable":true,"href":"https:\/\/siluettpood.ee\/et\/wp-json\/wp\/v2\/media\/6459"}],"wp:attachment":[{"href":"https:\/\/siluettpood.ee\/et\/wp-json\/wp\/v2\/media?parent=6458"}],"wp:term":[{"taxonomy":"product_brand","embeddable":true,"href":"https:\/\/siluettpood.ee\/et\/wp-json\/wp\/v2\/product_brand?post=6458"},{"taxonomy":"product_cat","embeddable":true,"href":"https:\/\/siluettpood.ee\/et\/wp-json\/wp\/v2\/product_cat?post=6458"},{"taxonomy":"product_tag","embeddable":true,"href":"https:\/\/siluettpood.ee\/et\/wp-json\/wp\/v2\/product_tag?post=6458"},{"taxonomy":"giftcard-category","embeddable":true,"href":"https:\/\/siluettpood.ee\/et\/wp-json\/wp\/v2\/giftcard-category?post=6458"}],"curies":[{"name":"wp","href":"https:\/\/api.w.org\/{rel}","templated":true}]}}