{"id":6465,"date":"2025-01-14T15:44:08","date_gmt":"2025-01-14T15:44:08","guid":{"rendered":"https:\/\/siluettpood.ee\/?post_type=product&#038;p=6465"},"modified":"2025-01-14T15:44:08","modified_gmt":"2025-01-14T15:44:08","slug":"pikk-pluus","status":"publish","type":"product","link":"https:\/\/siluettpood.ee\/et\/pikk-pluus\/","title":{"rendered":"Pikk Pluus"},"content":{"rendered":"<p>Pikk pluus. \u00dche rippuva h\u00f5lmaga, mis on kinnitatud vasakule k\u00fcljele v\u00e4ikeste n\u00f6\u00f6pide abil. K\u00fclgedel l\u00f5hikud. Selga k\u00e4ib \u00fcle pea. Kaeluse kinnitus kahe v\u00e4ikse n\u00f6\u00f6biga. Varrukad kujundatud volangina, mis j\u00e4tab k\u00e4sivarre n\u00e4htavale. Vaba joonega.<\/p>","protected":false},"excerpt":{"rendered":"<p>RAILI N\u00d5LVAK<\/p>","protected":false},"featured_media":6466,"template":"","meta":[],"product_brand":[],"product_cat":[59,92,102,42],"product_tag":[],"giftcard-category":[],"class_list":{"0":"post-6465","1":"product","2":"type-product","3":"status-publish","4":"has-post-thumbnail","6":"product_cat-clothing","7":"product_cat-raili-nolvak-3","8":"product_cat-shirts","9":"product_cat-women","11":"first","12":"instock","13":"shipping-taxable","14":"purchasable","15":"product-type-variable","16":"layout-style-6","17":"col-md-4 col-sm-4 col-xs-6","18":"col-lg-3","19":"product-has-gallery","20":"product-style-default"},"gallery_images":[6467],"_links":{"self":[{"href":"https:\/\/siluettpood.ee\/et\/wp-json\/wp\/v2\/product\/6465","targetHints":{"allow":["GET"]}}],"collection":[{"href":"https:\/\/siluettpood.ee\/et\/wp-json\/wp\/v2\/product"}],"about":[{"href":"https:\/\/siluettpood.ee\/et\/wp-json\/wp\/v2\/types\/product"}],"version-history":[{"count":0,"href":"https:\/\/siluettpood.ee\/et\/wp-json\/wp\/v2\/product\/6465\/revisions"}],"wp:featuredmedia":[{"embeddable":true,"href":"https:\/\/siluettpood.ee\/et\/wp-json\/wp\/v2\/media\/6466"}],"wp:attachment":[{"href":"https:\/\/siluettpood.ee\/et\/wp-json\/wp\/v2\/media?parent=6465"}],"wp:term":[{"taxonomy":"product_brand","embeddable":true,"href":"https:\/\/siluettpood.ee\/et\/wp-json\/wp\/v2\/product_brand?post=6465"},{"taxonomy":"product_cat","embeddable":true,"href":"https:\/\/siluettpood.ee\/et\/wp-json\/wp\/v2\/product_cat?post=6465"},{"taxonomy":"product_tag","embeddable":true,"href":"https:\/\/siluettpood.ee\/et\/wp-json\/wp\/v2\/product_tag?post=6465"},{"taxonomy":"giftcard-category","embeddable":true,"href":"https:\/\/siluettpood.ee\/et\/wp-json\/wp\/v2\/giftcard-category?post=6465"}],"curies":[{"name":"wp","href":"https:\/\/api.w.org\/{rel}","templated":true}]}}