{"id":6492,"date":"2025-01-14T19:56:41","date_gmt":"2025-01-14T19:56:41","guid":{"rendered":"https:\/\/siluettpood.ee\/?post_type=product&#038;p=6492"},"modified":"2025-10-11T05:04:24","modified_gmt":"2025-10-11T05:04:24","slug":"korge-pihaga-laiad-puksid","status":"publish","type":"product","link":"https:\/\/siluettpood.ee\/et\/korge-pihaga-laiad-puksid\/","title":{"rendered":"K\u00f5rge pihaga laiad p\u00fcksid"},"content":{"rendered":"<p>K\u00f5rge volditud pihaga,\u00a0 v\u00e4ga laiad p\u00fcksid. V\u00f6\u00f6joonel seotav v\u00f6\u00f6. Lukk k\u00fcljel. Taskutega.Tehtud h\u00e4sti langevast, mittekortsuvast, veidi venivast kost\u00fc\u00fcmikangast v\u00f5i sinisest ja mustast pestud pehmest teksast v\u00f5i tumepruuni\/khaki melan\u017ev\u00e4rvi koega linasest<\/p>","protected":false},"excerpt":{"rendered":"<p>RAILI N\u00d5LVAK<\/p>","protected":false},"featured_media":6493,"template":"","meta":[],"product_brand":[],"product_cat":[59,64,92,42],"product_tag":[],"giftcard-category":[],"class_list":{"0":"post-6492","1":"product","2":"type-product","3":"status-publish","4":"has-post-thumbnail","6":"product_cat-clothing","7":"product_cat-pants","8":"product_cat-raili-nolvak-3","9":"product_cat-women","11":"first","12":"instock","13":"shipping-taxable","14":"purchasable","15":"product-type-variable","16":"layout-style-6","17":"col-md-4 col-sm-4 col-xs-6","18":"col-lg-3","19":"product-has-gallery","20":"product-style-default"},"gallery_images":[6494],"_links":{"self":[{"href":"https:\/\/siluettpood.ee\/et\/wp-json\/wp\/v2\/product\/6492","targetHints":{"allow":["GET"]}}],"collection":[{"href":"https:\/\/siluettpood.ee\/et\/wp-json\/wp\/v2\/product"}],"about":[{"href":"https:\/\/siluettpood.ee\/et\/wp-json\/wp\/v2\/types\/product"}],"version-history":[{"count":0,"href":"https:\/\/siluettpood.ee\/et\/wp-json\/wp\/v2\/product\/6492\/revisions"}],"wp:featuredmedia":[{"embeddable":true,"href":"https:\/\/siluettpood.ee\/et\/wp-json\/wp\/v2\/media\/6493"}],"wp:attachment":[{"href":"https:\/\/siluettpood.ee\/et\/wp-json\/wp\/v2\/media?parent=6492"}],"wp:term":[{"taxonomy":"product_brand","embeddable":true,"href":"https:\/\/siluettpood.ee\/et\/wp-json\/wp\/v2\/product_brand?post=6492"},{"taxonomy":"product_cat","embeddable":true,"href":"https:\/\/siluettpood.ee\/et\/wp-json\/wp\/v2\/product_cat?post=6492"},{"taxonomy":"product_tag","embeddable":true,"href":"https:\/\/siluettpood.ee\/et\/wp-json\/wp\/v2\/product_tag?post=6492"},{"taxonomy":"giftcard-category","embeddable":true,"href":"https:\/\/siluettpood.ee\/et\/wp-json\/wp\/v2\/giftcard-category?post=6492"}],"curies":[{"name":"wp","href":"https:\/\/api.w.org\/{rel}","templated":true}]}}