{"id":6637,"date":"2025-01-20T18:13:02","date_gmt":"2025-01-20T18:13:02","guid":{"rendered":"https:\/\/siluettpood.ee\/?post_type=product&#038;p=6637"},"modified":"2025-01-20T18:13:02","modified_gmt":"2025-01-20T18:13:02","slug":"maksiseelik-alicante-must","status":"publish","type":"product","link":"https:\/\/siluettpood.ee\/et\/maksiseelik-alicante-must\/","title":{"rendered":"Maksiseelik Alicante &#8211; Must"},"content":{"rendered":"<p>Eest n\u00f6\u00f6bitav, taskutega ja l\u00e4bil\u00f5ikes olevate krookedega seelik loob sulle ajatu moesuuna.<\/p>","protected":false},"excerpt":{"rendered":"<p>VARKKI<\/p>","protected":false},"featured_media":6638,"template":"","meta":[],"product_brand":[],"product_cat":[59,63,70,42],"product_tag":[],"giftcard-category":[],"class_list":{"0":"post-6637","1":"product","2":"type-product","3":"status-publish","4":"has-post-thumbnail","6":"product_cat-clothing","7":"product_cat-skirts","8":"product_cat-varkki-2","9":"product_cat-women","11":"first","12":"instock","13":"shipping-taxable","14":"purchasable","15":"product-type-variable","16":"layout-style-6","17":"col-md-4 col-sm-4 col-xs-6","18":"col-lg-3","19":"product-has-gallery","20":"product-style-default"},"gallery_images":[6639],"_links":{"self":[{"href":"https:\/\/siluettpood.ee\/et\/wp-json\/wp\/v2\/product\/6637","targetHints":{"allow":["GET"]}}],"collection":[{"href":"https:\/\/siluettpood.ee\/et\/wp-json\/wp\/v2\/product"}],"about":[{"href":"https:\/\/siluettpood.ee\/et\/wp-json\/wp\/v2\/types\/product"}],"version-history":[{"count":0,"href":"https:\/\/siluettpood.ee\/et\/wp-json\/wp\/v2\/product\/6637\/revisions"}],"wp:featuredmedia":[{"embeddable":true,"href":"https:\/\/siluettpood.ee\/et\/wp-json\/wp\/v2\/media\/6638"}],"wp:attachment":[{"href":"https:\/\/siluettpood.ee\/et\/wp-json\/wp\/v2\/media?parent=6637"}],"wp:term":[{"taxonomy":"product_brand","embeddable":true,"href":"https:\/\/siluettpood.ee\/et\/wp-json\/wp\/v2\/product_brand?post=6637"},{"taxonomy":"product_cat","embeddable":true,"href":"https:\/\/siluettpood.ee\/et\/wp-json\/wp\/v2\/product_cat?post=6637"},{"taxonomy":"product_tag","embeddable":true,"href":"https:\/\/siluettpood.ee\/et\/wp-json\/wp\/v2\/product_tag?post=6637"},{"taxonomy":"giftcard-category","embeddable":true,"href":"https:\/\/siluettpood.ee\/et\/wp-json\/wp\/v2\/giftcard-category?post=6637"}],"curies":[{"name":"wp","href":"https:\/\/api.w.org\/{rel}","templated":true}]}}