{"id":6755,"date":"2025-01-23T08:29:41","date_gmt":"2025-01-23T08:29:41","guid":{"rendered":"https:\/\/siluettpood.ee\/?post_type=product&#038;p=6755"},"modified":"2025-01-23T08:37:40","modified_gmt":"2025-01-23T08:37:40","slug":"topp-dora-must-ja-hobe","status":"publish","type":"product","link":"https:\/\/siluettpood.ee\/et\/topp-dora-must-ja-hobe\/","title":{"rendered":"Topp DORA must ja h\u00f5be"},"content":{"rendered":"<p>See must veidi l\u00e4ikiv viskoosist \u00fcmara kaelusega top DORA on asendamatu riideese sinu garderoobis. See r\u00f5hutab figuuri ja liibuvus muudab selle mugavaks kihilise riietumise puhul.<\/p>","protected":false},"excerpt":{"rendered":"<p>HANNA KORSAR<\/p>","protected":false},"featured_media":6756,"template":"","meta":[],"product_brand":[],"product_cat":[59,85,42],"product_tag":[],"giftcard-category":[],"class_list":{"0":"post-6755","1":"product","2":"type-product","3":"status-publish","4":"has-post-thumbnail","6":"product_cat-clothing","7":"product_cat-hanna-korsar-3","8":"product_cat-women","10":"first","11":"instock","12":"shipping-taxable","13":"purchasable","14":"product-type-variable","15":"layout-style-6","16":"col-md-4 col-sm-4 col-xs-6","17":"col-lg-3","18":"product-style-default"},"gallery_images":[],"_links":{"self":[{"href":"https:\/\/siluettpood.ee\/et\/wp-json\/wp\/v2\/product\/6755","targetHints":{"allow":["GET"]}}],"collection":[{"href":"https:\/\/siluettpood.ee\/et\/wp-json\/wp\/v2\/product"}],"about":[{"href":"https:\/\/siluettpood.ee\/et\/wp-json\/wp\/v2\/types\/product"}],"version-history":[{"count":0,"href":"https:\/\/siluettpood.ee\/et\/wp-json\/wp\/v2\/product\/6755\/revisions"}],"wp:featuredmedia":[{"embeddable":true,"href":"https:\/\/siluettpood.ee\/et\/wp-json\/wp\/v2\/media\/6756"}],"wp:attachment":[{"href":"https:\/\/siluettpood.ee\/et\/wp-json\/wp\/v2\/media?parent=6755"}],"wp:term":[{"taxonomy":"product_brand","embeddable":true,"href":"https:\/\/siluettpood.ee\/et\/wp-json\/wp\/v2\/product_brand?post=6755"},{"taxonomy":"product_cat","embeddable":true,"href":"https:\/\/siluettpood.ee\/et\/wp-json\/wp\/v2\/product_cat?post=6755"},{"taxonomy":"product_tag","embeddable":true,"href":"https:\/\/siluettpood.ee\/et\/wp-json\/wp\/v2\/product_tag?post=6755"},{"taxonomy":"giftcard-category","embeddable":true,"href":"https:\/\/siluettpood.ee\/et\/wp-json\/wp\/v2\/giftcard-category?post=6755"}],"curies":[{"name":"wp","href":"https:\/\/api.w.org\/{rel}","templated":true}]}}