{"id":6808,"date":"2025-01-24T19:27:43","date_gmt":"2025-01-24T19:27:43","guid":{"rendered":"https:\/\/siluettpood.ee\/?post_type=product&#038;p=6808"},"modified":"2025-09-09T10:06:23","modified_gmt":"2025-09-09T10:06:23","slug":"lauren-must-nahast-olakott","status":"publish","type":"product","link":"https:\/\/siluettpood.ee\/et\/lauren-must-nahast-olakott\/","title":{"rendered":"LAUREN MUST NAHAST \u00d5LAKOTT"},"content":{"rendered":"<p>T\u00e4isnahast, kahe taskuga ja \u00f5larihmaga k\u00e4ekott, millel graveeritud silt \u201cUnikaalne\u201d.<\/p>","protected":false},"excerpt":{"rendered":"<p>LISETTE-MARIA<\/p>","protected":false},"featured_media":6809,"template":"","meta":[],"product_brand":[],"product_cat":[30,54,120,42],"product_tag":[],"giftcard-category":[],"class_list":{"0":"post-6808","1":"product","2":"type-product","3":"status-publish","4":"has-post-thumbnail","6":"product_cat-accessories","7":"product_cat-bags-accessories","8":"product_cat-lisette-maria-2","9":"product_cat-women","11":"first","12":"instock","13":"shipping-taxable","14":"purchasable","15":"product-type-variable","16":"layout-style-6","17":"col-md-4 col-sm-4 col-xs-6","18":"col-lg-3","19":"product-has-gallery","20":"product-style-default"},"gallery_images":[6811,6812],"_links":{"self":[{"href":"https:\/\/siluettpood.ee\/et\/wp-json\/wp\/v2\/product\/6808","targetHints":{"allow":["GET"]}}],"collection":[{"href":"https:\/\/siluettpood.ee\/et\/wp-json\/wp\/v2\/product"}],"about":[{"href":"https:\/\/siluettpood.ee\/et\/wp-json\/wp\/v2\/types\/product"}],"version-history":[{"count":0,"href":"https:\/\/siluettpood.ee\/et\/wp-json\/wp\/v2\/product\/6808\/revisions"}],"wp:featuredmedia":[{"embeddable":true,"href":"https:\/\/siluettpood.ee\/et\/wp-json\/wp\/v2\/media\/6809"}],"wp:attachment":[{"href":"https:\/\/siluettpood.ee\/et\/wp-json\/wp\/v2\/media?parent=6808"}],"wp:term":[{"taxonomy":"product_brand","embeddable":true,"href":"https:\/\/siluettpood.ee\/et\/wp-json\/wp\/v2\/product_brand?post=6808"},{"taxonomy":"product_cat","embeddable":true,"href":"https:\/\/siluettpood.ee\/et\/wp-json\/wp\/v2\/product_cat?post=6808"},{"taxonomy":"product_tag","embeddable":true,"href":"https:\/\/siluettpood.ee\/et\/wp-json\/wp\/v2\/product_tag?post=6808"},{"taxonomy":"giftcard-category","embeddable":true,"href":"https:\/\/siluettpood.ee\/et\/wp-json\/wp\/v2\/giftcard-category?post=6808"}],"curies":[{"name":"wp","href":"https:\/\/api.w.org\/{rel}","templated":true}]}}