{"id":7074,"date":"2025-02-04T15:39:07","date_gmt":"2025-02-04T15:39:07","guid":{"rendered":"https:\/\/siluettpood.ee\/?post_type=product&#038;p=7074"},"modified":"2025-12-11T20:11:03","modified_gmt":"2025-12-11T18:11:03","slug":"alpaka-muts-mint","status":"publish","type":"product","link":"https:\/\/siluettpood.ee\/et\/alpaka-muts-mint\/","title":{"rendered":"Alpaka m\u00fcts &#8211; Mint"},"content":{"rendered":"<p>Alpakavillast kootud m\u00fcts on m\u00f5nusalt karvane ja pehme ning on naha vastas hell ega aja s\u00fcgelema.<br \/>\nK\u00f5rgkvaliteediga alpakavill on h\u00e4sti hingav ja kerge, h\u00fcpoallergeenne (allergiavaba) ning seda on lihtne hooldada.<br \/>\nVeidi lohvakat Alpaka m\u00fctsi saab sooniku abil kergesti reguleerida vastavalt soovile l\u00f5dvemaks v\u00f5i kompaktsemaks.<\/p>\n<p>Disainitud ja k\u00e4sitsi kootud Eestis, Saaremaal.<\/p>","protected":false},"excerpt":{"rendered":"<p>\u00c4RNI BLUM<\/p>","protected":false},"featured_media":7075,"template":"","meta":[],"product_brand":[],"product_cat":[77,30,55,42],"product_tag":[],"giftcard-category":[],"class_list":{"0":"post-7074","1":"product","2":"type-product","3":"status-publish","4":"has-post-thumbnail","6":"product_cat-arni-blum-4","7":"product_cat-accessories","8":"product_cat-headwear","9":"product_cat-women","11":"first","12":"instock","13":"shipping-taxable","14":"purchasable","15":"product-type-variable","16":"layout-style-6","17":"col-md-4 col-sm-4 col-xs-6","18":"col-lg-3","19":"product-style-default"},"gallery_images":[],"_links":{"self":[{"href":"https:\/\/siluettpood.ee\/et\/wp-json\/wp\/v2\/product\/7074","targetHints":{"allow":["GET"]}}],"collection":[{"href":"https:\/\/siluettpood.ee\/et\/wp-json\/wp\/v2\/product"}],"about":[{"href":"https:\/\/siluettpood.ee\/et\/wp-json\/wp\/v2\/types\/product"}],"version-history":[{"count":1,"href":"https:\/\/siluettpood.ee\/et\/wp-json\/wp\/v2\/product\/7074\/revisions"}],"predecessor-version":[{"id":7077,"href":"https:\/\/siluettpood.ee\/et\/wp-json\/wp\/v2\/product\/7074\/revisions\/7077"}],"wp:featuredmedia":[{"embeddable":true,"href":"https:\/\/siluettpood.ee\/et\/wp-json\/wp\/v2\/media\/7075"}],"wp:attachment":[{"href":"https:\/\/siluettpood.ee\/et\/wp-json\/wp\/v2\/media?parent=7074"}],"wp:term":[{"taxonomy":"product_brand","embeddable":true,"href":"https:\/\/siluettpood.ee\/et\/wp-json\/wp\/v2\/product_brand?post=7074"},{"taxonomy":"product_cat","embeddable":true,"href":"https:\/\/siluettpood.ee\/et\/wp-json\/wp\/v2\/product_cat?post=7074"},{"taxonomy":"product_tag","embeddable":true,"href":"https:\/\/siluettpood.ee\/et\/wp-json\/wp\/v2\/product_tag?post=7074"},{"taxonomy":"giftcard-category","embeddable":true,"href":"https:\/\/siluettpood.ee\/et\/wp-json\/wp\/v2\/giftcard-category?post=7074"}],"curies":[{"name":"wp","href":"https:\/\/api.w.org\/{rel}","templated":true}]}}