{"id":7082,"date":"2025-02-04T15:49:54","date_gmt":"2025-02-04T15:49:54","guid":{"rendered":"https:\/\/siluettpood.ee\/?post_type=product&#038;p=7082"},"modified":"2025-09-09T08:04:31","modified_gmt":"2025-09-09T08:04:31","slug":"alpaka-kindad-tumehall","status":"publish","type":"product","link":"https:\/\/siluettpood.ee\/et\/alpaka-kindad-tumehall\/","title":{"rendered":"Alpaka kindad &#8211; Tumehall"},"content":{"rendered":"<p>Superpehmed ja m\u00f5nusalt karvased alpakavillast kootud kindad hoiavad sinu k\u00e4ed soojas kargel talvel, samas laseb alpakavill hingata soojemal s\u00fcgis-\/kevad\u00f5htul.<br \/>\nK\u00f5rgkvaliteediga alpakavill on h\u00e4sti hingav ja kerge, h\u00fcpoallergeenne (allergiavaba) ning seda on lihtne hooldada.<\/p>","protected":false},"excerpt":{"rendered":"<p>\u00c4RNI BLUM<\/p>","protected":false},"featured_media":7083,"template":"","meta":[],"product_brand":[],"product_cat":[77,42],"product_tag":[],"giftcard-category":[],"class_list":{"0":"post-7082","1":"product","2":"type-product","3":"status-publish","4":"has-post-thumbnail","6":"product_cat-arni-blum-4","7":"product_cat-women","9":"first","10":"instock","11":"shipping-taxable","12":"purchasable","13":"product-type-variable","14":"layout-style-6","15":"col-md-4 col-sm-4 col-xs-6","16":"col-lg-3","17":"product-has-gallery","18":"product-style-default"},"gallery_images":[7084],"_links":{"self":[{"href":"https:\/\/siluettpood.ee\/et\/wp-json\/wp\/v2\/product\/7082","targetHints":{"allow":["GET"]}}],"collection":[{"href":"https:\/\/siluettpood.ee\/et\/wp-json\/wp\/v2\/product"}],"about":[{"href":"https:\/\/siluettpood.ee\/et\/wp-json\/wp\/v2\/types\/product"}],"version-history":[{"count":0,"href":"https:\/\/siluettpood.ee\/et\/wp-json\/wp\/v2\/product\/7082\/revisions"}],"wp:featuredmedia":[{"embeddable":true,"href":"https:\/\/siluettpood.ee\/et\/wp-json\/wp\/v2\/media\/7083"}],"wp:attachment":[{"href":"https:\/\/siluettpood.ee\/et\/wp-json\/wp\/v2\/media?parent=7082"}],"wp:term":[{"taxonomy":"product_brand","embeddable":true,"href":"https:\/\/siluettpood.ee\/et\/wp-json\/wp\/v2\/product_brand?post=7082"},{"taxonomy":"product_cat","embeddable":true,"href":"https:\/\/siluettpood.ee\/et\/wp-json\/wp\/v2\/product_cat?post=7082"},{"taxonomy":"product_tag","embeddable":true,"href":"https:\/\/siluettpood.ee\/et\/wp-json\/wp\/v2\/product_tag?post=7082"},{"taxonomy":"giftcard-category","embeddable":true,"href":"https:\/\/siluettpood.ee\/et\/wp-json\/wp\/v2\/giftcard-category?post=7082"}],"curies":[{"name":"wp","href":"https:\/\/api.w.org\/{rel}","templated":true}]}}