{"id":7093,"date":"2025-02-04T16:18:18","date_gmt":"2025-02-04T16:18:18","guid":{"rendered":"https:\/\/siluettpood.ee\/?post_type=product&#038;p=7093"},"modified":"2025-09-09T08:09:01","modified_gmt":"2025-09-09T08:09:01","slug":"alpaka-kindad-helebeez","status":"publish","type":"product","link":"https:\/\/siluettpood.ee\/et\/alpaka-kindad-helebeez\/","title":{"rendered":"Alpaka kindad &#8211; Helebee\u017e"},"content":{"rendered":"<p>Superpehmed ja m\u00f5nusalt karvased alpakavillast kootud kindad hoiavad sinu k\u00e4ed soojas kargel talvel, samas laseb alpakavill hingata soojemal s\u00fcgis-\/kevad\u00f5htul.<br \/>\nK\u00f5rgkvaliteediga alpakavill on h\u00e4sti hingav ja kerge, h\u00fcpoallergeenne (allergiavaba) ning seda on lihtne hooldada.<\/p>","protected":false},"excerpt":{"rendered":"<p>\u00c4RNI BLUM<\/p>","protected":false},"featured_media":7094,"template":"","meta":[],"product_brand":[],"product_cat":[77,58,42],"product_tag":[],"giftcard-category":[],"class_list":{"0":"post-7093","1":"product","2":"type-product","3":"status-publish","4":"has-post-thumbnail","6":"product_cat-arni-blum-4","7":"product_cat-other","8":"product_cat-women","10":"first","11":"instock","12":"shipping-taxable","13":"purchasable","14":"product-type-variable","15":"layout-style-6","16":"col-md-4 col-sm-4 col-xs-6","17":"col-lg-3","18":"product-style-default"},"gallery_images":[],"_links":{"self":[{"href":"https:\/\/siluettpood.ee\/et\/wp-json\/wp\/v2\/product\/7093","targetHints":{"allow":["GET"]}}],"collection":[{"href":"https:\/\/siluettpood.ee\/et\/wp-json\/wp\/v2\/product"}],"about":[{"href":"https:\/\/siluettpood.ee\/et\/wp-json\/wp\/v2\/types\/product"}],"version-history":[{"count":0,"href":"https:\/\/siluettpood.ee\/et\/wp-json\/wp\/v2\/product\/7093\/revisions"}],"wp:featuredmedia":[{"embeddable":true,"href":"https:\/\/siluettpood.ee\/et\/wp-json\/wp\/v2\/media\/7094"}],"wp:attachment":[{"href":"https:\/\/siluettpood.ee\/et\/wp-json\/wp\/v2\/media?parent=7093"}],"wp:term":[{"taxonomy":"product_brand","embeddable":true,"href":"https:\/\/siluettpood.ee\/et\/wp-json\/wp\/v2\/product_brand?post=7093"},{"taxonomy":"product_cat","embeddable":true,"href":"https:\/\/siluettpood.ee\/et\/wp-json\/wp\/v2\/product_cat?post=7093"},{"taxonomy":"product_tag","embeddable":true,"href":"https:\/\/siluettpood.ee\/et\/wp-json\/wp\/v2\/product_tag?post=7093"},{"taxonomy":"giftcard-category","embeddable":true,"href":"https:\/\/siluettpood.ee\/et\/wp-json\/wp\/v2\/giftcard-category?post=7093"}],"curies":[{"name":"wp","href":"https:\/\/api.w.org\/{rel}","templated":true}]}}