{"id":7140,"date":"2025-02-04T20:08:16","date_gmt":"2025-02-04T20:08:16","guid":{"rendered":"https:\/\/siluettpood.ee\/?post_type=product&#038;p=7140"},"modified":"2025-11-26T18:10:25","modified_gmt":"2025-11-26T18:10:25","slug":"meriinovillane-ore-muts-hall","status":"publish","type":"product","link":"https:\/\/siluettpood.ee\/et\/meriinovillane-ore-muts-hall\/","title":{"rendered":"Meriinovillane Ore m\u00fcts &#8211; Hall"},"content":{"rendered":"<p>Kahekordselt kootud meriinovillane Ore m\u00fcts on meie valikus \u00fcks soojemaid m\u00fctse, mis hoolitseb su eest nii talvise pakasega kui tormituulisel s\u00fcgisel.<\/p>\n<p>Ore m\u00fcts sobib h\u00e4sti nii meestele kui naistele.<\/p>\n<p>Disainitud ja kootud Eestis.<\/p>","protected":false},"excerpt":{"rendered":"<p>\u00c4RNI BLUM<\/p>","protected":false},"featured_media":7141,"template":"","meta":[],"product_brand":[],"product_cat":[77,55,42],"product_tag":[],"giftcard-category":[],"class_list":{"0":"post-7140","1":"product","2":"type-product","3":"status-publish","4":"has-post-thumbnail","6":"product_cat-arni-blum-4","7":"product_cat-headwear","8":"product_cat-women","10":"first","11":"instock","12":"shipping-taxable","13":"purchasable","14":"product-type-variable","15":"layout-style-6","16":"col-md-4 col-sm-4 col-xs-6","17":"col-lg-3","18":"product-style-default"},"gallery_images":[],"_links":{"self":[{"href":"https:\/\/siluettpood.ee\/et\/wp-json\/wp\/v2\/product\/7140","targetHints":{"allow":["GET"]}}],"collection":[{"href":"https:\/\/siluettpood.ee\/et\/wp-json\/wp\/v2\/product"}],"about":[{"href":"https:\/\/siluettpood.ee\/et\/wp-json\/wp\/v2\/types\/product"}],"version-history":[{"count":0,"href":"https:\/\/siluettpood.ee\/et\/wp-json\/wp\/v2\/product\/7140\/revisions"}],"wp:featuredmedia":[{"embeddable":true,"href":"https:\/\/siluettpood.ee\/et\/wp-json\/wp\/v2\/media\/7141"}],"wp:attachment":[{"href":"https:\/\/siluettpood.ee\/et\/wp-json\/wp\/v2\/media?parent=7140"}],"wp:term":[{"taxonomy":"product_brand","embeddable":true,"href":"https:\/\/siluettpood.ee\/et\/wp-json\/wp\/v2\/product_brand?post=7140"},{"taxonomy":"product_cat","embeddable":true,"href":"https:\/\/siluettpood.ee\/et\/wp-json\/wp\/v2\/product_cat?post=7140"},{"taxonomy":"product_tag","embeddable":true,"href":"https:\/\/siluettpood.ee\/et\/wp-json\/wp\/v2\/product_tag?post=7140"},{"taxonomy":"giftcard-category","embeddable":true,"href":"https:\/\/siluettpood.ee\/et\/wp-json\/wp\/v2\/giftcard-category?post=7140"}],"curies":[{"name":"wp","href":"https:\/\/api.w.org\/{rel}","templated":true}]}}