{"id":7156,"date":"2025-02-04T21:20:41","date_gmt":"2025-02-04T21:20:41","guid":{"rendered":"https:\/\/siluettpood.ee\/?post_type=product&#038;p=7156"},"modified":"2025-02-04T21:24:40","modified_gmt":"2025-02-04T21:24:40","slug":"aera-kampsun-helebeez","status":"publish","type":"product","link":"https:\/\/siluettpood.ee\/et\/aera-kampsun-helebeez\/","title":{"rendered":"Aera kampsun &#8211; Helebee\u017e"},"content":{"rendered":"<p>Meriinovillane kootud Aera kampsun on m\u00f5eldud neile, kes soovivad p\u00e4evale natukene v\u00fcrtsi lisada, kuid seda v\u00f5imalikult klassikalises v\u00f5tmes.<\/p>\n<p>Kanna pidulikult siidseelikuga ja kontsakingaga v\u00f5i kontoris teksade ning tossudega, ideaalne igas olukorras!<\/p>\n<p>Disainitud ja k\u00e4sitsi kootud Eestis, Saaremaal.<\/p>","protected":false},"excerpt":{"rendered":"<p>\u00c4RNI BLUM<\/p>","protected":false},"featured_media":7157,"template":"","meta":[],"product_brand":[],"product_cat":[77,78,42],"product_tag":[],"giftcard-category":[],"class_list":{"0":"post-7156","1":"product","2":"type-product","3":"status-publish","4":"has-post-thumbnail","6":"product_cat-arni-blum-4","7":"product_cat-knitwear","8":"product_cat-women","10":"first","11":"instock","12":"shipping-taxable","13":"purchasable","14":"product-type-variable","15":"layout-style-6","16":"col-md-4 col-sm-4 col-xs-6","17":"col-lg-3","18":"product-has-gallery","19":"product-style-default"},"gallery_images":[7158,7159],"_links":{"self":[{"href":"https:\/\/siluettpood.ee\/et\/wp-json\/wp\/v2\/product\/7156","targetHints":{"allow":["GET"]}}],"collection":[{"href":"https:\/\/siluettpood.ee\/et\/wp-json\/wp\/v2\/product"}],"about":[{"href":"https:\/\/siluettpood.ee\/et\/wp-json\/wp\/v2\/types\/product"}],"version-history":[{"count":0,"href":"https:\/\/siluettpood.ee\/et\/wp-json\/wp\/v2\/product\/7156\/revisions"}],"wp:featuredmedia":[{"embeddable":true,"href":"https:\/\/siluettpood.ee\/et\/wp-json\/wp\/v2\/media\/7157"}],"wp:attachment":[{"href":"https:\/\/siluettpood.ee\/et\/wp-json\/wp\/v2\/media?parent=7156"}],"wp:term":[{"taxonomy":"product_brand","embeddable":true,"href":"https:\/\/siluettpood.ee\/et\/wp-json\/wp\/v2\/product_brand?post=7156"},{"taxonomy":"product_cat","embeddable":true,"href":"https:\/\/siluettpood.ee\/et\/wp-json\/wp\/v2\/product_cat?post=7156"},{"taxonomy":"product_tag","embeddable":true,"href":"https:\/\/siluettpood.ee\/et\/wp-json\/wp\/v2\/product_tag?post=7156"},{"taxonomy":"giftcard-category","embeddable":true,"href":"https:\/\/siluettpood.ee\/et\/wp-json\/wp\/v2\/giftcard-category?post=7156"}],"curies":[{"name":"wp","href":"https:\/\/api.w.org\/{rel}","templated":true}]}}