{"id":7299,"date":"2025-02-14T17:30:46","date_gmt":"2025-02-14T17:30:46","guid":{"rendered":"https:\/\/siluettpood.ee\/?post_type=product&#038;p=7299"},"modified":"2025-05-26T18:23:41","modified_gmt":"2025-05-26T18:23:41","slug":"jacket-berlin-mystique-snake","status":"publish","type":"product","link":"https:\/\/siluettpood.ee\/et\/jacket-berlin-mystique-snake\/","title":{"rendered":"Jakk BERLIN \u2013 mystique snake"},"content":{"rendered":"<p>Naiste jakk\u00a0<strong>BERLIN\u00a0<\/strong>toob esile ainulaadse MYSTIQUE SNAKE mustri, pakkudes igal tootel pilkup\u00fc\u00fcdvat disaini. Kaherealine tavalise l\u00f5ikega n\u00f6\u00f6bitav jakk ulatub s\u00f5rmeotsteni, pakkudes praktilisuse ja stiili ideaalset tasakaalu. Vee- ja tuulekindel disain muudab selle t\u00e4iuslikuks muutliku ilma puhul, samas kui peidetud n\u00f6\u00f6pkinnis ja klapiga peale\u00f5mmeldud taskud lisavad modernse ja elegantse puudutuse. Ideaalne nii vabaaja- kui ka esinduslike riiete peal kandmiseks, muutes iga riietuse julgeks stiili v\u00e4ljenduseks.Softshell on hingav, tuulekindel ja vetth\u00fclgav materjal, mille seesmine kiht on vooderdatud fliisiga lisasoojuse tagamiseks. See kaitseb k\u00fclma eest ja juhib niiskuse kehast eemale, mist\u00f5ttu on tegemist ideaalse kangaga \u00fcler\u00f5ivaste, spordi- ja vabaajariiete jaoks. Softshell-r\u00f5ivad pakuvad k\u00f5rget kandmismugavust, suurep\u00e4rast soojusisolatsiooni, hingavust ja tuulekindlust.<\/p>","protected":false},"excerpt":{"rendered":"<p>THE KORSARS<\/p>","protected":false},"featured_media":7302,"template":"","meta":[],"product_brand":[],"product_cat":[61,105,42],"product_tag":[],"giftcard-category":[],"class_list":{"0":"post-7299","1":"product","2":"type-product","3":"status-publish","4":"has-post-thumbnail","6":"product_cat-jackets","7":"product_cat-the-korsars","8":"product_cat-women","10":"first","11":"instock","12":"shipping-taxable","13":"purchasable","14":"product-type-variable","15":"layout-style-6","16":"col-md-4 col-sm-4 col-xs-6","17":"col-lg-3","18":"product-has-gallery","19":"product-style-default"},"gallery_images":[7303],"_links":{"self":[{"href":"https:\/\/siluettpood.ee\/et\/wp-json\/wp\/v2\/product\/7299","targetHints":{"allow":["GET"]}}],"collection":[{"href":"https:\/\/siluettpood.ee\/et\/wp-json\/wp\/v2\/product"}],"about":[{"href":"https:\/\/siluettpood.ee\/et\/wp-json\/wp\/v2\/types\/product"}],"version-history":[{"count":1,"href":"https:\/\/siluettpood.ee\/et\/wp-json\/wp\/v2\/product\/7299\/revisions"}],"predecessor-version":[{"id":7304,"href":"https:\/\/siluettpood.ee\/et\/wp-json\/wp\/v2\/product\/7299\/revisions\/7304"}],"wp:featuredmedia":[{"embeddable":true,"href":"https:\/\/siluettpood.ee\/et\/wp-json\/wp\/v2\/media\/7302"}],"wp:attachment":[{"href":"https:\/\/siluettpood.ee\/et\/wp-json\/wp\/v2\/media?parent=7299"}],"wp:term":[{"taxonomy":"product_brand","embeddable":true,"href":"https:\/\/siluettpood.ee\/et\/wp-json\/wp\/v2\/product_brand?post=7299"},{"taxonomy":"product_cat","embeddable":true,"href":"https:\/\/siluettpood.ee\/et\/wp-json\/wp\/v2\/product_cat?post=7299"},{"taxonomy":"product_tag","embeddable":true,"href":"https:\/\/siluettpood.ee\/et\/wp-json\/wp\/v2\/product_tag?post=7299"},{"taxonomy":"giftcard-category","embeddable":true,"href":"https:\/\/siluettpood.ee\/et\/wp-json\/wp\/v2\/giftcard-category?post=7299"}],"curies":[{"name":"wp","href":"https:\/\/api.w.org\/{rel}","templated":true}]}}