{"id":7365,"date":"2025-02-15T08:34:02","date_gmt":"2025-02-15T08:34:02","guid":{"rendered":"https:\/\/siluettpood.ee\/?post_type=product&#038;p=7365"},"modified":"2025-12-30T11:14:20","modified_gmt":"2025-12-30T09:14:20","slug":"white-beanie","status":"publish","type":"product","link":"https:\/\/siluettpood.ee\/et\/white-beanie\/","title":{"rendered":"VALGE BEANIE"},"content":{"rendered":"<p>Pehmest meriinovillast kootud m\u00fcts hoiab h\u00e4sti sooja ning sobib kombineerimiseks nii pidulikuma kui ka sportlikuma riietusega. M\u00fctsil on kolmekordne \u00e4\u00e4ris, mis kaitseb aastaringselt tuule eest ning see istub \u00fchtmoodi h\u00e4sti nii naistele kui ka meestele. M\u00fcts on kootud k\u00e4sit\u00f6\u00f6na Eestis.<\/p>\n<p>M\u00fcts on \u00fches suuruses<\/p>","protected":false},"excerpt":{"rendered":"<p>ELLEN RICHARD<\/p>","protected":false},"featured_media":7366,"template":"","meta":[],"product_brand":[],"product_cat":[86,55],"product_tag":[],"giftcard-category":[],"class_list":{"0":"post-7365","1":"product","2":"type-product","3":"status-publish","4":"has-post-thumbnail","6":"product_cat-ellen-richard-2-2","7":"product_cat-headwear","9":"first","10":"instock","11":"shipping-taxable","12":"purchasable","13":"product-type-variable","14":"layout-style-6","15":"col-md-4 col-sm-4 col-xs-6","16":"col-lg-3","17":"product-style-default"},"gallery_images":[],"_links":{"self":[{"href":"https:\/\/siluettpood.ee\/et\/wp-json\/wp\/v2\/product\/7365","targetHints":{"allow":["GET"]}}],"collection":[{"href":"https:\/\/siluettpood.ee\/et\/wp-json\/wp\/v2\/product"}],"about":[{"href":"https:\/\/siluettpood.ee\/et\/wp-json\/wp\/v2\/types\/product"}],"version-history":[{"count":2,"href":"https:\/\/siluettpood.ee\/et\/wp-json\/wp\/v2\/product\/7365\/revisions"}],"predecessor-version":[{"id":10108,"href":"https:\/\/siluettpood.ee\/et\/wp-json\/wp\/v2\/product\/7365\/revisions\/10108"}],"wp:featuredmedia":[{"embeddable":true,"href":"https:\/\/siluettpood.ee\/et\/wp-json\/wp\/v2\/media\/7366"}],"wp:attachment":[{"href":"https:\/\/siluettpood.ee\/et\/wp-json\/wp\/v2\/media?parent=7365"}],"wp:term":[{"taxonomy":"product_brand","embeddable":true,"href":"https:\/\/siluettpood.ee\/et\/wp-json\/wp\/v2\/product_brand?post=7365"},{"taxonomy":"product_cat","embeddable":true,"href":"https:\/\/siluettpood.ee\/et\/wp-json\/wp\/v2\/product_cat?post=7365"},{"taxonomy":"product_tag","embeddable":true,"href":"https:\/\/siluettpood.ee\/et\/wp-json\/wp\/v2\/product_tag?post=7365"},{"taxonomy":"giftcard-category","embeddable":true,"href":"https:\/\/siluettpood.ee\/et\/wp-json\/wp\/v2\/giftcard-category?post=7365"}],"curies":[{"name":"wp","href":"https:\/\/api.w.org\/{rel}","templated":true}]}}