{"id":7632,"date":"2025-03-04T18:44:52","date_gmt":"2025-03-04T18:44:52","guid":{"rendered":"https:\/\/siluettpood.ee\/?post_type=product&#038;p=7632"},"modified":"2025-09-15T10:55:56","modified_gmt":"2025-09-15T10:55:56","slug":"womens-oversize-t-shirt","status":"publish","type":"product","link":"https:\/\/siluettpood.ee\/et\/womens-oversize-t-shirt\/","title":{"rendered":"Naiste oversized T-s\u00e4rk"},"content":{"rendered":"<p>Oversize cut organic cotton T-shirt. Basic\u00a0T-shirt\u00a0for every occasion. Wear it with sweats, suits or jeans. Extra comfortable organic cotton material.<\/p>\n<p>L\u00e4bil\u00f5iked \u00f5lgadel ja kehal<br \/>\nKaarjas p\u00e4\u00e4rme<br \/>\nExtended shoulder<br \/>\nMuuliini logo tagak\u00fcljel<\/p>\n<p><strong>\ud83d\udccfIstuvus - Oversize<\/strong><\/p>\n<p><strong>\u2655Model height 171 cm \u2013 wearing size XS\/S<\/strong><\/p>","protected":false},"excerpt":{"rendered":"<p>MUULIN<\/p>","protected":false},"featured_media":7633,"template":"","meta":[],"product_brand":[],"product_cat":[103,102,42],"product_tag":[],"giftcard-category":[],"class_list":{"0":"post-7632","1":"product","2":"type-product","3":"status-publish","4":"has-post-thumbnail","6":"product_cat-muulin-2","7":"product_cat-shirts","8":"product_cat-women","10":"first","11":"instock","12":"shipping-taxable","13":"purchasable","14":"product-type-variable","15":"layout-style-6","16":"col-md-4 col-sm-4 col-xs-6","17":"col-lg-3","18":"product-has-gallery","19":"product-style-default"},"gallery_images":[7634],"_links":{"self":[{"href":"https:\/\/siluettpood.ee\/et\/wp-json\/wp\/v2\/product\/7632","targetHints":{"allow":["GET"]}}],"collection":[{"href":"https:\/\/siluettpood.ee\/et\/wp-json\/wp\/v2\/product"}],"about":[{"href":"https:\/\/siluettpood.ee\/et\/wp-json\/wp\/v2\/types\/product"}],"version-history":[{"count":1,"href":"https:\/\/siluettpood.ee\/et\/wp-json\/wp\/v2\/product\/7632\/revisions"}],"predecessor-version":[{"id":7638,"href":"https:\/\/siluettpood.ee\/et\/wp-json\/wp\/v2\/product\/7632\/revisions\/7638"}],"wp:featuredmedia":[{"embeddable":true,"href":"https:\/\/siluettpood.ee\/et\/wp-json\/wp\/v2\/media\/7633"}],"wp:attachment":[{"href":"https:\/\/siluettpood.ee\/et\/wp-json\/wp\/v2\/media?parent=7632"}],"wp:term":[{"taxonomy":"product_brand","embeddable":true,"href":"https:\/\/siluettpood.ee\/et\/wp-json\/wp\/v2\/product_brand?post=7632"},{"taxonomy":"product_cat","embeddable":true,"href":"https:\/\/siluettpood.ee\/et\/wp-json\/wp\/v2\/product_cat?post=7632"},{"taxonomy":"product_tag","embeddable":true,"href":"https:\/\/siluettpood.ee\/et\/wp-json\/wp\/v2\/product_tag?post=7632"},{"taxonomy":"giftcard-category","embeddable":true,"href":"https:\/\/siluettpood.ee\/et\/wp-json\/wp\/v2\/giftcard-category?post=7632"}],"curies":[{"name":"wp","href":"https:\/\/api.w.org\/{rel}","templated":true}]}}