{"id":7892,"date":"2025-03-22T16:40:46","date_gmt":"2025-03-22T16:40:46","guid":{"rendered":"https:\/\/siluettpood.ee\/?post_type=product&#038;p=7892"},"modified":"2026-02-16T12:47:51","modified_gmt":"2026-02-16T10:47:51","slug":"currant-red-dinner-plate-with-a-bird","status":"publish","type":"product","link":"https:\/\/siluettpood.ee\/et\/currant-red-dinner-plate-with-a-bird\/","title":{"rendered":"S\u00f5strapunane linnuga praetaldrik"},"content":{"rendered":"<p>Portselan, detailid mati kullaga, n\u00f5udepesumasinas pestav. Toodetud Portugalis.<\/p>\n<p>Kuld on pehme metall, mis omandab iseloomu l\u00e4bi aja, nii nagu annavad kortsud inimesele isikup\u00e4rase v\u00e4limuse ja peegeldavad nende elukogemusi.<\/p>\n<p>See taldrik on selline punane, kui s\u00f5strad on peaaegu punased, aga p\u00e4ris veel mitte ja suve on veel k\u00f5vasti ees.<\/p>\n<p>28cm.<\/p>","protected":false},"excerpt":{"rendered":"<p>ARRO PORCELAIN<\/p>","protected":false},"featured_media":7894,"template":"","meta":[],"product_brand":[],"product_cat":[149,66,67],"product_tag":[],"giftcard-category":[],"class_list":{"0":"post-7892","1":"product","2":"type-product","3":"status-publish","4":"has-post-thumbnail","6":"product_cat-arro-porcelain","7":"product_cat-home","8":"product_cat-tableware","10":"first","11":"instock","12":"shipping-taxable","13":"purchasable","14":"product-type-variable","15":"layout-style-6","16":"col-md-4 col-sm-4 col-xs-6","17":"col-lg-3","18":"product-style-default"},"gallery_images":[],"_links":{"self":[{"href":"https:\/\/siluettpood.ee\/et\/wp-json\/wp\/v2\/product\/7892","targetHints":{"allow":["GET"]}}],"collection":[{"href":"https:\/\/siluettpood.ee\/et\/wp-json\/wp\/v2\/product"}],"about":[{"href":"https:\/\/siluettpood.ee\/et\/wp-json\/wp\/v2\/types\/product"}],"version-history":[{"count":2,"href":"https:\/\/siluettpood.ee\/et\/wp-json\/wp\/v2\/product\/7892\/revisions"}],"predecessor-version":[{"id":10324,"href":"https:\/\/siluettpood.ee\/et\/wp-json\/wp\/v2\/product\/7892\/revisions\/10324"}],"wp:featuredmedia":[{"embeddable":true,"href":"https:\/\/siluettpood.ee\/et\/wp-json\/wp\/v2\/media\/7894"}],"wp:attachment":[{"href":"https:\/\/siluettpood.ee\/et\/wp-json\/wp\/v2\/media?parent=7892"}],"wp:term":[{"taxonomy":"product_brand","embeddable":true,"href":"https:\/\/siluettpood.ee\/et\/wp-json\/wp\/v2\/product_brand?post=7892"},{"taxonomy":"product_cat","embeddable":true,"href":"https:\/\/siluettpood.ee\/et\/wp-json\/wp\/v2\/product_cat?post=7892"},{"taxonomy":"product_tag","embeddable":true,"href":"https:\/\/siluettpood.ee\/et\/wp-json\/wp\/v2\/product_tag?post=7892"},{"taxonomy":"giftcard-category","embeddable":true,"href":"https:\/\/siluettpood.ee\/et\/wp-json\/wp\/v2\/giftcard-category?post=7892"}],"curies":[{"name":"wp","href":"https:\/\/api.w.org\/{rel}","templated":true}]}}