{"id":7915,"date":"2025-03-22T18:01:11","date_gmt":"2025-03-22T18:01:11","guid":{"rendered":"https:\/\/siluettpood.ee\/?post_type=product&#038;p=7915"},"modified":"2026-02-16T12:55:34","modified_gmt":"2026-02-16T10:55:34","slug":"light-turquoise-dessert-plate-2","status":"publish","type":"product","link":"https:\/\/siluettpood.ee\/et\/light-turquoise-dessert-plate-2\/","title":{"rendered":"Helet\u00fcrkiis desserditaldrik linnuga"},"content":{"rendered":"<p>Portselan, detailid mati kullaga, n\u00f5udepesumasinas pestav. Toodetud Portugalis.<\/p>\n<p>Kuld on pehme metall, mis omandab iseloomu l\u00e4bi aja, nii nagu annavad kortsud inimesele isikup\u00e4rase v\u00e4limuse ja peegeldavad nende elukogemusi.<\/p>\n<p>See t\u00fcrkiissinine v\u00e4rv on selline helge ja avar ning meenutab l\u00f5unamaa sooja merd.<\/p>\n<p>19 cm.<\/p>","protected":false},"excerpt":{"rendered":"<p>ARRO PORCELAIN<\/p>","protected":false},"featured_media":7916,"template":"","meta":[],"product_brand":[],"product_cat":[149,66,67],"product_tag":[],"giftcard-category":[],"class_list":{"0":"post-7915","1":"product","2":"type-product","3":"status-publish","4":"has-post-thumbnail","6":"product_cat-arro-porcelain","7":"product_cat-home","8":"product_cat-tableware","10":"first","11":"instock","12":"shipping-taxable","13":"purchasable","14":"product-type-variable","15":"layout-style-6","16":"col-md-4 col-sm-4 col-xs-6","17":"col-lg-3","18":"product-style-default"},"gallery_images":[],"_links":{"self":[{"href":"https:\/\/siluettpood.ee\/et\/wp-json\/wp\/v2\/product\/7915","targetHints":{"allow":["GET"]}}],"collection":[{"href":"https:\/\/siluettpood.ee\/et\/wp-json\/wp\/v2\/product"}],"about":[{"href":"https:\/\/siluettpood.ee\/et\/wp-json\/wp\/v2\/types\/product"}],"version-history":[{"count":2,"href":"https:\/\/siluettpood.ee\/et\/wp-json\/wp\/v2\/product\/7915\/revisions"}],"predecessor-version":[{"id":10331,"href":"https:\/\/siluettpood.ee\/et\/wp-json\/wp\/v2\/product\/7915\/revisions\/10331"}],"wp:featuredmedia":[{"embeddable":true,"href":"https:\/\/siluettpood.ee\/et\/wp-json\/wp\/v2\/media\/7916"}],"wp:attachment":[{"href":"https:\/\/siluettpood.ee\/et\/wp-json\/wp\/v2\/media?parent=7915"}],"wp:term":[{"taxonomy":"product_brand","embeddable":true,"href":"https:\/\/siluettpood.ee\/et\/wp-json\/wp\/v2\/product_brand?post=7915"},{"taxonomy":"product_cat","embeddable":true,"href":"https:\/\/siluettpood.ee\/et\/wp-json\/wp\/v2\/product_cat?post=7915"},{"taxonomy":"product_tag","embeddable":true,"href":"https:\/\/siluettpood.ee\/et\/wp-json\/wp\/v2\/product_tag?post=7915"},{"taxonomy":"giftcard-category","embeddable":true,"href":"https:\/\/siluettpood.ee\/et\/wp-json\/wp\/v2\/giftcard-category?post=7915"}],"curies":[{"name":"wp","href":"https:\/\/api.w.org\/{rel}","templated":true}]}}