{"id":7921,"date":"2025-03-22T18:07:36","date_gmt":"2025-03-22T18:07:36","guid":{"rendered":"https:\/\/siluettpood.ee\/?post_type=product&#038;p=7921"},"modified":"2026-02-16T12:57:56","modified_gmt":"2026-02-16T10:57:56","slug":"salad-green-dessert-plate","status":"publish","type":"product","link":"https:\/\/siluettpood.ee\/et\/salad-green-dessert-plate\/","title":{"rendered":"Salatiroheline desserditaldrik linnuga"},"content":{"rendered":"<p>See erkroheline v\u00e4rv on selline kr\u00f5mps ja v\u00e4rske nagu kevad ja on igal ajal nagu v\u00e4ike vitamiin meie laual.<\/p>\n<p>Portselan, detailid kullaga, n\u00f5udepesumasinas pestav.<\/p>\n<p>19 cm<\/p>","protected":false},"excerpt":{"rendered":"<p>ARRO PORCELAIN<\/p>","protected":false},"featured_media":7922,"template":"","meta":[],"product_brand":[],"product_cat":[149,66,67],"product_tag":[],"giftcard-category":[],"class_list":{"0":"post-7921","1":"product","2":"type-product","3":"status-publish","4":"has-post-thumbnail","6":"product_cat-arro-porcelain","7":"product_cat-home","8":"product_cat-tableware","10":"first","11":"instock","12":"shipping-taxable","13":"purchasable","14":"product-type-variable","15":"layout-style-6","16":"col-md-4 col-sm-4 col-xs-6","17":"col-lg-3","18":"product-style-default"},"gallery_images":[],"_links":{"self":[{"href":"https:\/\/siluettpood.ee\/et\/wp-json\/wp\/v2\/product\/7921","targetHints":{"allow":["GET"]}}],"collection":[{"href":"https:\/\/siluettpood.ee\/et\/wp-json\/wp\/v2\/product"}],"about":[{"href":"https:\/\/siluettpood.ee\/et\/wp-json\/wp\/v2\/types\/product"}],"version-history":[{"count":1,"href":"https:\/\/siluettpood.ee\/et\/wp-json\/wp\/v2\/product\/7921\/revisions"}],"predecessor-version":[{"id":10332,"href":"https:\/\/siluettpood.ee\/et\/wp-json\/wp\/v2\/product\/7921\/revisions\/10332"}],"wp:featuredmedia":[{"embeddable":true,"href":"https:\/\/siluettpood.ee\/et\/wp-json\/wp\/v2\/media\/7922"}],"wp:attachment":[{"href":"https:\/\/siluettpood.ee\/et\/wp-json\/wp\/v2\/media?parent=7921"}],"wp:term":[{"taxonomy":"product_brand","embeddable":true,"href":"https:\/\/siluettpood.ee\/et\/wp-json\/wp\/v2\/product_brand?post=7921"},{"taxonomy":"product_cat","embeddable":true,"href":"https:\/\/siluettpood.ee\/et\/wp-json\/wp\/v2\/product_cat?post=7921"},{"taxonomy":"product_tag","embeddable":true,"href":"https:\/\/siluettpood.ee\/et\/wp-json\/wp\/v2\/product_tag?post=7921"},{"taxonomy":"giftcard-category","embeddable":true,"href":"https:\/\/siluettpood.ee\/et\/wp-json\/wp\/v2\/giftcard-category?post=7921"}],"curies":[{"name":"wp","href":"https:\/\/api.w.org\/{rel}","templated":true}]}}