{"id":7927,"date":"2025-03-23T18:12:41","date_gmt":"2025-03-23T18:12:41","guid":{"rendered":"https:\/\/siluettpood.ee\/?post_type=product&#038;p=7927"},"modified":"2026-02-16T12:59:32","modified_gmt":"2026-02-16T10:59:32","slug":"vase-forest","status":"publish","type":"product","link":"https:\/\/siluettpood.ee\/et\/vase-forest\/","title":{"rendered":"Vaas \"Mets\""},"content":{"rendered":"<p>Vaasil on kujutatud Imbi Linnu maali. Imbi Lind on Liisu Arro vanaema.<\/p>\n<p>Pilvikutega kasemets vaasil viib meid tagasi lapsep\u00f5lve, kus s\u00fcgisene mets l\u00f5hnas kaskede, mulla, sambla ja seente j\u00e4rele.<\/p>\n<p>H=25 cm, D=12 cm<\/p>","protected":false},"excerpt":{"rendered":"<p>ARRO PORCELAIN<\/p>","protected":false},"featured_media":7928,"template":"","meta":[],"product_brand":[],"product_cat":[149,66],"product_tag":[],"giftcard-category":[],"class_list":{"0":"post-7927","1":"product","2":"type-product","3":"status-publish","4":"has-post-thumbnail","6":"product_cat-arro-porcelain","7":"product_cat-home","9":"first","10":"instock","11":"shipping-taxable","12":"purchasable","13":"product-type-variable","14":"layout-style-6","15":"col-md-4 col-sm-4 col-xs-6","16":"col-lg-3","17":"product-style-default"},"gallery_images":[],"_links":{"self":[{"href":"https:\/\/siluettpood.ee\/et\/wp-json\/wp\/v2\/product\/7927","targetHints":{"allow":["GET"]}}],"collection":[{"href":"https:\/\/siluettpood.ee\/et\/wp-json\/wp\/v2\/product"}],"about":[{"href":"https:\/\/siluettpood.ee\/et\/wp-json\/wp\/v2\/types\/product"}],"version-history":[{"count":2,"href":"https:\/\/siluettpood.ee\/et\/wp-json\/wp\/v2\/product\/7927\/revisions"}],"predecessor-version":[{"id":10337,"href":"https:\/\/siluettpood.ee\/et\/wp-json\/wp\/v2\/product\/7927\/revisions\/10337"}],"wp:featuredmedia":[{"embeddable":true,"href":"https:\/\/siluettpood.ee\/et\/wp-json\/wp\/v2\/media\/7928"}],"wp:attachment":[{"href":"https:\/\/siluettpood.ee\/et\/wp-json\/wp\/v2\/media?parent=7927"}],"wp:term":[{"taxonomy":"product_brand","embeddable":true,"href":"https:\/\/siluettpood.ee\/et\/wp-json\/wp\/v2\/product_brand?post=7927"},{"taxonomy":"product_cat","embeddable":true,"href":"https:\/\/siluettpood.ee\/et\/wp-json\/wp\/v2\/product_cat?post=7927"},{"taxonomy":"product_tag","embeddable":true,"href":"https:\/\/siluettpood.ee\/et\/wp-json\/wp\/v2\/product_tag?post=7927"},{"taxonomy":"giftcard-category","embeddable":true,"href":"https:\/\/siluettpood.ee\/et\/wp-json\/wp\/v2\/giftcard-category?post=7927"}],"curies":[{"name":"wp","href":"https:\/\/api.w.org\/{rel}","templated":true}]}}