{"id":7933,"date":"2025-03-23T18:21:15","date_gmt":"2025-03-23T18:21:15","guid":{"rendered":"https:\/\/siluettpood.ee\/?post_type=product&#038;p=7933"},"modified":"2026-02-16T13:02:23","modified_gmt":"2026-02-16T11:02:23","slug":"small-porcelain-box-the-swan","status":"publish","type":"product","link":"https:\/\/siluettpood.ee\/et\/small-porcelain-box-the-swan\/","title":{"rendered":"V\u00e4ike portselankarbike \u201cLuik\u201d"},"content":{"rendered":"<p>Portselankarbikesel on kujutatud detaili Jaak Arro maalist \u201c\u00d5itsev meri\u201d.  Jaak Arro on Liisu Arro isa.<\/p>\n<p>Karp on valmistatud portselanist ja kasutatud on kulda.<\/p>\n<p>Karbike on pakitud kinkekarpi. Sobib kingituseks v\u00f5i endale r\u00f5\u00f5muks!<\/p>\n<p>D=6 cm, H=3 cm<\/p>","protected":false},"excerpt":{"rendered":"<p>ARRO PORCELAIN<\/p>","protected":false},"featured_media":7934,"template":"","meta":[],"product_brand":[],"product_cat":[149,66],"product_tag":[],"giftcard-category":[],"class_list":{"0":"post-7933","1":"product","2":"type-product","3":"status-publish","4":"has-post-thumbnail","6":"product_cat-arro-porcelain","7":"product_cat-home","9":"first","10":"instock","11":"shipping-taxable","12":"purchasable","13":"product-type-variable","14":"layout-style-6","15":"col-md-4 col-sm-4 col-xs-6","16":"col-lg-3","17":"product-has-gallery","18":"product-style-default"},"gallery_images":[7935],"_links":{"self":[{"href":"https:\/\/siluettpood.ee\/et\/wp-json\/wp\/v2\/product\/7933","targetHints":{"allow":["GET"]}}],"collection":[{"href":"https:\/\/siluettpood.ee\/et\/wp-json\/wp\/v2\/product"}],"about":[{"href":"https:\/\/siluettpood.ee\/et\/wp-json\/wp\/v2\/types\/product"}],"version-history":[{"count":1,"href":"https:\/\/siluettpood.ee\/et\/wp-json\/wp\/v2\/product\/7933\/revisions"}],"predecessor-version":[{"id":10338,"href":"https:\/\/siluettpood.ee\/et\/wp-json\/wp\/v2\/product\/7933\/revisions\/10338"}],"wp:featuredmedia":[{"embeddable":true,"href":"https:\/\/siluettpood.ee\/et\/wp-json\/wp\/v2\/media\/7934"}],"wp:attachment":[{"href":"https:\/\/siluettpood.ee\/et\/wp-json\/wp\/v2\/media?parent=7933"}],"wp:term":[{"taxonomy":"product_brand","embeddable":true,"href":"https:\/\/siluettpood.ee\/et\/wp-json\/wp\/v2\/product_brand?post=7933"},{"taxonomy":"product_cat","embeddable":true,"href":"https:\/\/siluettpood.ee\/et\/wp-json\/wp\/v2\/product_cat?post=7933"},{"taxonomy":"product_tag","embeddable":true,"href":"https:\/\/siluettpood.ee\/et\/wp-json\/wp\/v2\/product_tag?post=7933"},{"taxonomy":"giftcard-category","embeddable":true,"href":"https:\/\/siluettpood.ee\/et\/wp-json\/wp\/v2\/giftcard-category?post=7933"}],"curies":[{"name":"wp","href":"https:\/\/api.w.org\/{rel}","templated":true}]}}