{"id":7940,"date":"2025-03-23T18:27:51","date_gmt":"2025-03-23T18:27:51","guid":{"rendered":"https:\/\/siluettpood.ee\/?post_type=product&#038;p=7940"},"modified":"2026-02-16T13:04:01","modified_gmt":"2026-02-16T11:04:01","slug":"porcelain-box-white-lady","status":"publish","type":"product","link":"https:\/\/siluettpood.ee\/et\/porcelain-box-white-lady\/","title":{"rendered":"Portselanist karp \u201cValge Daam\u201d"},"content":{"rendered":"<p>Portselankarbikesel on kujutatud Epp Maria Kokam\u00e4e maali \u201cValge Daam\u201d, mis valmis Haapsalu PiiskopiIinnuse muuseumi tellimusel renoveeritud muuseumi avamiseks.\n\nValge Daam on kurbromantiline legend Eesti talut\u00fcdrukust, kes keelatud armastuse p\u00e4rast m\u00fc\u00fcriti karistuseks Haapsalu Linnuse m\u00fc\u00fcridesse millalgi Keskajal ja kes igal t\u00e4iskuu valgel augusti\u00f6\u00f6l ennast lossivaremetes ilmutab.<\/p>\n<p>Karp on valmistatud portselanist ja kaane serv on kullatud. Karbike on pakitud kinkekarpi.<\/p>\n<p>Karbike on pakitud kinkekarpi. Sobib kingituseks v\u00f5i endale r\u00f5\u00f5muks!<\/p>\n<p>Karbikesse sobivad mansetin\u00f6\u00f6bid ja muud ehted, aga ka kommid, p\u00e4hklid ja teised h\u00f5rgutised.<\/p>\n<p>D=10 cm, H=4 cm<\/p>","protected":false},"excerpt":{"rendered":"<p>ARRO PORCELAIN<\/p>","protected":false},"featured_media":7941,"template":"","meta":[],"product_brand":[],"product_cat":[149,66],"product_tag":[],"giftcard-category":[],"class_list":{"0":"post-7940","1":"product","2":"type-product","3":"status-publish","4":"has-post-thumbnail","6":"product_cat-arro-porcelain","7":"product_cat-home","9":"first","10":"instock","11":"shipping-taxable","12":"purchasable","13":"product-type-variable","14":"layout-style-6","15":"col-md-4 col-sm-4 col-xs-6","16":"col-lg-3","17":"product-has-gallery","18":"product-style-default"},"gallery_images":[7942],"_links":{"self":[{"href":"https:\/\/siluettpood.ee\/et\/wp-json\/wp\/v2\/product\/7940","targetHints":{"allow":["GET"]}}],"collection":[{"href":"https:\/\/siluettpood.ee\/et\/wp-json\/wp\/v2\/product"}],"about":[{"href":"https:\/\/siluettpood.ee\/et\/wp-json\/wp\/v2\/types\/product"}],"version-history":[{"count":1,"href":"https:\/\/siluettpood.ee\/et\/wp-json\/wp\/v2\/product\/7940\/revisions"}],"predecessor-version":[{"id":10340,"href":"https:\/\/siluettpood.ee\/et\/wp-json\/wp\/v2\/product\/7940\/revisions\/10340"}],"wp:featuredmedia":[{"embeddable":true,"href":"https:\/\/siluettpood.ee\/et\/wp-json\/wp\/v2\/media\/7941"}],"wp:attachment":[{"href":"https:\/\/siluettpood.ee\/et\/wp-json\/wp\/v2\/media?parent=7940"}],"wp:term":[{"taxonomy":"product_brand","embeddable":true,"href":"https:\/\/siluettpood.ee\/et\/wp-json\/wp\/v2\/product_brand?post=7940"},{"taxonomy":"product_cat","embeddable":true,"href":"https:\/\/siluettpood.ee\/et\/wp-json\/wp\/v2\/product_cat?post=7940"},{"taxonomy":"product_tag","embeddable":true,"href":"https:\/\/siluettpood.ee\/et\/wp-json\/wp\/v2\/product_tag?post=7940"},{"taxonomy":"giftcard-category","embeddable":true,"href":"https:\/\/siluettpood.ee\/et\/wp-json\/wp\/v2\/giftcard-category?post=7940"}],"curies":[{"name":"wp","href":"https:\/\/api.w.org\/{rel}","templated":true}]}}