{"id":7953,"date":"2025-03-24T16:56:30","date_gmt":"2025-03-24T16:56:30","guid":{"rendered":"https:\/\/siluettpood.ee\/?post_type=product&#038;p=7953"},"modified":"2026-02-16T13:08:43","modified_gmt":"2026-02-16T11:08:43","slug":"light-blue-tea-and-coffee-cup-with-a-saucer","status":"publish","type":"product","link":"https:\/\/siluettpood.ee\/et\/light-blue-tea-and-coffee-cup-with-a-saucer\/","title":{"rendered":"Helesinine tee- ja kohvitass"},"content":{"rendered":"<p>Portselan, detailid mati kullaga, n\u00f5udepesumasinas pestav. Toodetud Portugalis.<\/p>\n<p>Kuldsed suled peegelduvad p\u00fchalikult \u00fcmber tassikese kui sinna peale paistab p\u00e4ike v\u00f5i k\u00fc\u00fcnlas\u00e4ra.<\/p>\n<p>Targemad inimesed on \u00f6elnud, et pole muret, mida ei leevendaks tassike head teed v\u00f5i kohvi!<\/p>\n<p>20 cl<\/p>","protected":false},"excerpt":{"rendered":"<p>ARRO PORCELAIN<\/p>","protected":false},"featured_media":7954,"template":"","meta":[],"product_brand":[],"product_cat":[149,66,67],"product_tag":[],"giftcard-category":[],"class_list":{"0":"post-7953","1":"product","2":"type-product","3":"status-publish","4":"has-post-thumbnail","6":"product_cat-arro-porcelain","7":"product_cat-home","8":"product_cat-tableware","10":"first","11":"instock","12":"shipping-taxable","13":"purchasable","14":"product-type-variable","15":"layout-style-6","16":"col-md-4 col-sm-4 col-xs-6","17":"col-lg-3","18":"product-style-default"},"gallery_images":[],"_links":{"self":[{"href":"https:\/\/siluettpood.ee\/et\/wp-json\/wp\/v2\/product\/7953","targetHints":{"allow":["GET"]}}],"collection":[{"href":"https:\/\/siluettpood.ee\/et\/wp-json\/wp\/v2\/product"}],"about":[{"href":"https:\/\/siluettpood.ee\/et\/wp-json\/wp\/v2\/types\/product"}],"version-history":[{"count":2,"href":"https:\/\/siluettpood.ee\/et\/wp-json\/wp\/v2\/product\/7953\/revisions"}],"predecessor-version":[{"id":10342,"href":"https:\/\/siluettpood.ee\/et\/wp-json\/wp\/v2\/product\/7953\/revisions\/10342"}],"wp:featuredmedia":[{"embeddable":true,"href":"https:\/\/siluettpood.ee\/et\/wp-json\/wp\/v2\/media\/7954"}],"wp:attachment":[{"href":"https:\/\/siluettpood.ee\/et\/wp-json\/wp\/v2\/media?parent=7953"}],"wp:term":[{"taxonomy":"product_brand","embeddable":true,"href":"https:\/\/siluettpood.ee\/et\/wp-json\/wp\/v2\/product_brand?post=7953"},{"taxonomy":"product_cat","embeddable":true,"href":"https:\/\/siluettpood.ee\/et\/wp-json\/wp\/v2\/product_cat?post=7953"},{"taxonomy":"product_tag","embeddable":true,"href":"https:\/\/siluettpood.ee\/et\/wp-json\/wp\/v2\/product_tag?post=7953"},{"taxonomy":"giftcard-category","embeddable":true,"href":"https:\/\/siluettpood.ee\/et\/wp-json\/wp\/v2\/giftcard-category?post=7953"}],"curies":[{"name":"wp","href":"https:\/\/api.w.org\/{rel}","templated":true}]}}