{"id":7963,"date":"2025-03-24T20:02:09","date_gmt":"2025-03-24T20:02:09","guid":{"rendered":"https:\/\/siluettpood.ee\/?post_type=product&#038;p=7963"},"modified":"2026-02-16T13:12:35","modified_gmt":"2026-02-16T11:12:35","slug":"light-blue-mug-with-feathers","status":"publish","type":"product","link":"https:\/\/siluettpood.ee\/et\/light-blue-mug-with-feathers\/","title":{"rendered":"Helesinine sulgedega kruus"},"content":{"rendered":"<p>Portselan, detailid mati kullaga, n\u00f5udepesumasinas pestav. Toodetud Portugalis.<\/p>\n<p>Tee v\u00f5i kohvi maitsevd palju paremini kui  neid juua ilusast kruusist!<\/p>\n<p>Kuldsed suled peegelduvad p\u00fchalikult \u00fcmber kruusi kui sinna peale paistab p\u00e4ike v\u00f5i k\u00fc\u00fcnlas\u00e4ra.<\/p>\n<p>35 cl<\/p>","protected":false},"excerpt":{"rendered":"<p>ARRO PORCELAIN<\/p>","protected":false},"featured_media":7964,"template":"","meta":[],"product_brand":[],"product_cat":[149,66,67],"product_tag":[],"giftcard-category":[],"class_list":{"0":"post-7963","1":"product","2":"type-product","3":"status-publish","4":"has-post-thumbnail","6":"product_cat-arro-porcelain","7":"product_cat-home","8":"product_cat-tableware","10":"first","11":"instock","12":"shipping-taxable","13":"purchasable","14":"product-type-variable","15":"layout-style-6","16":"col-md-4 col-sm-4 col-xs-6","17":"col-lg-3","18":"product-style-default"},"gallery_images":[],"_links":{"self":[{"href":"https:\/\/siluettpood.ee\/et\/wp-json\/wp\/v2\/product\/7963","targetHints":{"allow":["GET"]}}],"collection":[{"href":"https:\/\/siluettpood.ee\/et\/wp-json\/wp\/v2\/product"}],"about":[{"href":"https:\/\/siluettpood.ee\/et\/wp-json\/wp\/v2\/types\/product"}],"version-history":[{"count":1,"href":"https:\/\/siluettpood.ee\/et\/wp-json\/wp\/v2\/product\/7963\/revisions"}],"predecessor-version":[{"id":10346,"href":"https:\/\/siluettpood.ee\/et\/wp-json\/wp\/v2\/product\/7963\/revisions\/10346"}],"wp:featuredmedia":[{"embeddable":true,"href":"https:\/\/siluettpood.ee\/et\/wp-json\/wp\/v2\/media\/7964"}],"wp:attachment":[{"href":"https:\/\/siluettpood.ee\/et\/wp-json\/wp\/v2\/media?parent=7963"}],"wp:term":[{"taxonomy":"product_brand","embeddable":true,"href":"https:\/\/siluettpood.ee\/et\/wp-json\/wp\/v2\/product_brand?post=7963"},{"taxonomy":"product_cat","embeddable":true,"href":"https:\/\/siluettpood.ee\/et\/wp-json\/wp\/v2\/product_cat?post=7963"},{"taxonomy":"product_tag","embeddable":true,"href":"https:\/\/siluettpood.ee\/et\/wp-json\/wp\/v2\/product_tag?post=7963"},{"taxonomy":"giftcard-category","embeddable":true,"href":"https:\/\/siluettpood.ee\/et\/wp-json\/wp\/v2\/giftcard-category?post=7963"}],"curies":[{"name":"wp","href":"https:\/\/api.w.org\/{rel}","templated":true}]}}