{"id":7978,"date":"2025-03-26T17:46:13","date_gmt":"2025-03-26T17:46:13","guid":{"rendered":"https:\/\/siluettpood.ee\/?post_type=product&#038;p=7978"},"modified":"2025-04-24T11:39:12","modified_gmt":"2025-04-24T11:39:12","slug":"soup-plate-with-nest-eggs-and-feathers","status":"publish","type":"product","link":"https:\/\/siluettpood.ee\/et\/soup-plate-with-nest-eggs-and-feathers\/","title":{"rendered":"Lihtne supi- ja pastataldrik"},"content":{"rendered":"<p>Portselan, detailid mati kullaga, n\u00f5udepesumasinas pestav. Toodetud Portugalis.<\/p>\n<p>Kuld on pehme metall, mis omandab iseloomu l\u00e4bi aja, nii nagu annavad kortsud inimesele isikup\u00e4rase v\u00e4limuse ja peegeldavad nende elukogemusi.<\/p>\n<p>Kausike meenutab linnupesa ja sobib suurep\u00e4raselt supi, pudru, pasta ja hommikuhelveste serveerimiseks.<\/p>\n<p>H=4cm D=19cm<\/p>","protected":false},"excerpt":{"rendered":"<p>ARRO PORCELAIN<\/p>","protected":false},"featured_media":7979,"template":"","meta":[],"product_brand":[],"product_cat":[149,66,67],"product_tag":[],"giftcard-category":[],"class_list":{"0":"post-7978","1":"product","2":"type-product","3":"status-publish","4":"has-post-thumbnail","6":"product_cat-arro-porcelain","7":"product_cat-home","8":"product_cat-tableware","10":"first","11":"instock","12":"shipping-taxable","13":"purchasable","14":"product-type-variable","15":"layout-style-6","16":"col-md-4 col-sm-4 col-xs-6","17":"col-lg-3","18":"product-style-default"},"gallery_images":[],"_links":{"self":[{"href":"https:\/\/siluettpood.ee\/et\/wp-json\/wp\/v2\/product\/7978","targetHints":{"allow":["GET"]}}],"collection":[{"href":"https:\/\/siluettpood.ee\/et\/wp-json\/wp\/v2\/product"}],"about":[{"href":"https:\/\/siluettpood.ee\/et\/wp-json\/wp\/v2\/types\/product"}],"version-history":[{"count":1,"href":"https:\/\/siluettpood.ee\/et\/wp-json\/wp\/v2\/product\/7978\/revisions"}],"predecessor-version":[{"id":7981,"href":"https:\/\/siluettpood.ee\/et\/wp-json\/wp\/v2\/product\/7978\/revisions\/7981"}],"wp:featuredmedia":[{"embeddable":true,"href":"https:\/\/siluettpood.ee\/et\/wp-json\/wp\/v2\/media\/7979"}],"wp:attachment":[{"href":"https:\/\/siluettpood.ee\/et\/wp-json\/wp\/v2\/media?parent=7978"}],"wp:term":[{"taxonomy":"product_brand","embeddable":true,"href":"https:\/\/siluettpood.ee\/et\/wp-json\/wp\/v2\/product_brand?post=7978"},{"taxonomy":"product_cat","embeddable":true,"href":"https:\/\/siluettpood.ee\/et\/wp-json\/wp\/v2\/product_cat?post=7978"},{"taxonomy":"product_tag","embeddable":true,"href":"https:\/\/siluettpood.ee\/et\/wp-json\/wp\/v2\/product_tag?post=7978"},{"taxonomy":"giftcard-category","embeddable":true,"href":"https:\/\/siluettpood.ee\/et\/wp-json\/wp\/v2\/giftcard-category?post=7978"}],"curies":[{"name":"wp","href":"https:\/\/api.w.org\/{rel}","templated":true}]}}