{"id":8038,"date":"2025-04-09T17:47:09","date_gmt":"2025-04-09T17:47:09","guid":{"rendered":"https:\/\/siluettpood.ee\/?post_type=product&#038;p=8038"},"modified":"2025-04-09T17:47:09","modified_gmt":"2025-04-09T17:47:09","slug":"lily-mini-taupe-crossbody-voolamises","status":"publish","type":"product","link":"https:\/\/siluettpood.ee\/et\/lily-mini-taupe-crossbody-voolamises\/","title":{"rendered":"LILY MINI TAUPE \u00dcLE\u00d5LAKOTT \u201eVoolamises\u201d"},"content":{"rendered":"<p>V\u00e4ike taupe nahast \u00fcle\u00f5lakott graveeritud sildiga \u201eVoolamises.\u201c Kott on voodriga ja kohandatava rihmaga. Kotil on voodritasku.<\/p>\n<ul>\n<li><strong>Materjal:<\/strong>\u00a0nahk, metall<\/li>\n<li><strong>Suurus:<\/strong>\u00a016x7x24cm<\/li>\n<\/ul>","protected":false},"excerpt":{"rendered":"<p>LISETTE-MARIA<\/p>","protected":false},"featured_media":8039,"template":"","meta":[],"product_brand":[],"product_cat":[54,120,42],"product_tag":[],"giftcard-category":[],"class_list":{"0":"post-8038","1":"product","2":"type-product","3":"status-publish","4":"has-post-thumbnail","6":"product_cat-bags-accessories","7":"product_cat-lisette-maria-2","8":"product_cat-women","10":"first","11":"instock","12":"shipping-taxable","13":"purchasable","14":"product-type-variable","15":"layout-style-6","16":"col-md-4 col-sm-4 col-xs-6","17":"col-lg-3","18":"product-has-gallery","19":"product-style-default"},"gallery_images":[8040],"_links":{"self":[{"href":"https:\/\/siluettpood.ee\/et\/wp-json\/wp\/v2\/product\/8038","targetHints":{"allow":["GET"]}}],"collection":[{"href":"https:\/\/siluettpood.ee\/et\/wp-json\/wp\/v2\/product"}],"about":[{"href":"https:\/\/siluettpood.ee\/et\/wp-json\/wp\/v2\/types\/product"}],"version-history":[{"count":0,"href":"https:\/\/siluettpood.ee\/et\/wp-json\/wp\/v2\/product\/8038\/revisions"}],"wp:featuredmedia":[{"embeddable":true,"href":"https:\/\/siluettpood.ee\/et\/wp-json\/wp\/v2\/media\/8039"}],"wp:attachment":[{"href":"https:\/\/siluettpood.ee\/et\/wp-json\/wp\/v2\/media?parent=8038"}],"wp:term":[{"taxonomy":"product_brand","embeddable":true,"href":"https:\/\/siluettpood.ee\/et\/wp-json\/wp\/v2\/product_brand?post=8038"},{"taxonomy":"product_cat","embeddable":true,"href":"https:\/\/siluettpood.ee\/et\/wp-json\/wp\/v2\/product_cat?post=8038"},{"taxonomy":"product_tag","embeddable":true,"href":"https:\/\/siluettpood.ee\/et\/wp-json\/wp\/v2\/product_tag?post=8038"},{"taxonomy":"giftcard-category","embeddable":true,"href":"https:\/\/siluettpood.ee\/et\/wp-json\/wp\/v2\/giftcard-category?post=8038"}],"curies":[{"name":"wp","href":"https:\/\/api.w.org\/{rel}","templated":true}]}}