{"id":8228,"date":"2025-04-24T17:29:19","date_gmt":"2025-04-24T17:29:19","guid":{"rendered":"https:\/\/siluettpood.ee\/?post_type=product&#038;p=8228"},"modified":"2025-12-30T11:26:46","modified_gmt":"2025-12-30T09:26:46","slug":"lucca-dress","status":"publish","type":"product","link":"https:\/\/siluettpood.ee\/et\/lucca-dress\/","title":{"rendered":"LUCCA KLEIT"},"content":{"rendered":"<p>LUCCA on lihtsa sirge l\u00f5ikega pidulik ohtukleit. Kleidil on ees pikk lohik, mugavad k\u00fcljetaskud ja laiad langevad varrukad. Kleidil on kaasas pikk v\u00f6\u00f6, mis annab v\u00f5imaluse kombineerida nii v\u00f6\u00f6ga kui ilma. Kleit on maxi pikkuses ja valmistatud h\u00e4sti langevast viskooskangast. Viskoos annab kangale \u00f5rna l\u00e4ike ja lisab pidulikkust. Nii et kleiti saad kanda \u00f5htustel \u00fcritustel, kui v\u00f5tta k\u00fclalisi vastu ka koduses milj\u00f6\u00f6s. Viskooskangast kleiti saad kanda talvel saabastega, suvel kingade ja tennistega.<br \/>\nKleit on valminud k\u00e4sit\u00f6\u00f6na Eestis.<\/p>\n<p>Modell on 173 cm pikk ja kannab 36 suurust.<\/p>\n<p>Materjal: 100% viskoos<br \/>\nHooldus: 30C masinpesu<\/p>","protected":false},"excerpt":{"rendered":"<p>ELLEN RICHARD<\/p>","protected":false},"featured_media":8230,"template":"","meta":[],"product_brand":[],"product_cat":[59,60,86,42],"product_tag":[],"giftcard-category":[],"class_list":{"0":"post-8228","1":"product","2":"type-product","3":"status-publish","4":"has-post-thumbnail","6":"product_cat-clothing","7":"product_cat-dresses","8":"product_cat-ellen-richard-2-2","9":"product_cat-women","11":"first","12":"instock","13":"shipping-taxable","14":"purchasable","15":"product-type-variable","16":"layout-style-6","17":"col-md-4 col-sm-4 col-xs-6","18":"col-lg-3","19":"product-has-gallery","20":"product-style-default"},"gallery_images":[8231],"_links":{"self":[{"href":"https:\/\/siluettpood.ee\/et\/wp-json\/wp\/v2\/product\/8228","targetHints":{"allow":["GET"]}}],"collection":[{"href":"https:\/\/siluettpood.ee\/et\/wp-json\/wp\/v2\/product"}],"about":[{"href":"https:\/\/siluettpood.ee\/et\/wp-json\/wp\/v2\/types\/product"}],"version-history":[{"count":2,"href":"https:\/\/siluettpood.ee\/et\/wp-json\/wp\/v2\/product\/8228\/revisions"}],"predecessor-version":[{"id":10116,"href":"https:\/\/siluettpood.ee\/et\/wp-json\/wp\/v2\/product\/8228\/revisions\/10116"}],"wp:featuredmedia":[{"embeddable":true,"href":"https:\/\/siluettpood.ee\/et\/wp-json\/wp\/v2\/media\/8230"}],"wp:attachment":[{"href":"https:\/\/siluettpood.ee\/et\/wp-json\/wp\/v2\/media?parent=8228"}],"wp:term":[{"taxonomy":"product_brand","embeddable":true,"href":"https:\/\/siluettpood.ee\/et\/wp-json\/wp\/v2\/product_brand?post=8228"},{"taxonomy":"product_cat","embeddable":true,"href":"https:\/\/siluettpood.ee\/et\/wp-json\/wp\/v2\/product_cat?post=8228"},{"taxonomy":"product_tag","embeddable":true,"href":"https:\/\/siluettpood.ee\/et\/wp-json\/wp\/v2\/product_tag?post=8228"},{"taxonomy":"giftcard-category","embeddable":true,"href":"https:\/\/siluettpood.ee\/et\/wp-json\/wp\/v2\/giftcard-category?post=8228"}],"curies":[{"name":"wp","href":"https:\/\/api.w.org\/{rel}","templated":true}]}}