{"id":8254,"date":"2025-04-24T18:34:54","date_gmt":"2025-04-24T18:34:54","guid":{"rendered":"https:\/\/siluettpood.ee\/?post_type=product&#038;p=8254"},"modified":"2026-05-06T09:04:17","modified_gmt":"2026-05-06T07:04:17","slug":"como-skirt","status":"publish","type":"product","link":"https:\/\/siluettpood.ee\/et\/toode\/como-skirt\/","title":{"rendered":"COMO SEELIK"},"content":{"rendered":"<p>COMO seelik on m\u00f5nusalt avar, mugavate k\u00fcljetaskute ja balloonl\u00f5ikega. Seelik on puuvillasegusest kangast ja viskoos voodriga, mille v\u00e4rvli osas on pehme kummikanal. Seelik sobib ideaalselt igap\u00e4evaseks kandmiseks nii sportliku outfitina erinevate pusade ja jakkide alla, kui ka pidulikult kontsadega.<br \/>\nSeelik on valminud k\u00e4sit\u00f6\u00f6na Eestis.<\/p>\n<p>Modell on 173 cm pikk ja kannab 36 suurust.<\/p>\n<p>V\u00f6\u00f6\u00fcmberm\u00f5\u00f5t 36 suurusel: 68-74 cm<br \/>\nPuus: 106 cm<br \/>\nPikkus eest: 90 cm<\/p>\n<p>Materjal: 94% puuvilla 6% elastaani<br \/>\nVooder: 100% viskoos<br \/>\nHooldus: 30C masinpesu<\/p>","protected":false},"excerpt":{"rendered":"<p>ELLEN RICHARD<\/p>","protected":false},"featured_media":8255,"template":"","meta":[],"product_brand":[],"product_cat":[59,86,63,42],"product_tag":[],"giftcard-category":[],"class_list":{"0":"post-8254","1":"product","2":"type-product","3":"status-publish","4":"has-post-thumbnail","6":"product_cat-clothing","7":"product_cat-ellen-richard-2-2","8":"product_cat-skirts","9":"product_cat-women","11":"first","12":"instock","13":"shipping-taxable","14":"purchasable","15":"product-type-variable","16":"layout-style-6","17":"col-md-4 col-sm-4 col-xs-6","18":"col-lg-3","19":"product-has-gallery","20":"product-style-default"},"gallery_images":[8256],"_links":{"self":[{"href":"https:\/\/siluettpood.ee\/et\/wp-json\/wp\/v2\/product\/8254","targetHints":{"allow":["GET"]}}],"collection":[{"href":"https:\/\/siluettpood.ee\/et\/wp-json\/wp\/v2\/product"}],"about":[{"href":"https:\/\/siluettpood.ee\/et\/wp-json\/wp\/v2\/types\/product"}],"version-history":[{"count":2,"href":"https:\/\/siluettpood.ee\/et\/wp-json\/wp\/v2\/product\/8254\/revisions"}],"predecessor-version":[{"id":11049,"href":"https:\/\/siluettpood.ee\/et\/wp-json\/wp\/v2\/product\/8254\/revisions\/11049"}],"wp:featuredmedia":[{"embeddable":true,"href":"https:\/\/siluettpood.ee\/et\/wp-json\/wp\/v2\/media\/8255"}],"wp:attachment":[{"href":"https:\/\/siluettpood.ee\/et\/wp-json\/wp\/v2\/media?parent=8254"}],"wp:term":[{"taxonomy":"product_brand","embeddable":true,"href":"https:\/\/siluettpood.ee\/et\/wp-json\/wp\/v2\/product_brand?post=8254"},{"taxonomy":"product_cat","embeddable":true,"href":"https:\/\/siluettpood.ee\/et\/wp-json\/wp\/v2\/product_cat?post=8254"},{"taxonomy":"product_tag","embeddable":true,"href":"https:\/\/siluettpood.ee\/et\/wp-json\/wp\/v2\/product_tag?post=8254"},{"taxonomy":"giftcard-category","embeddable":true,"href":"https:\/\/siluettpood.ee\/et\/wp-json\/wp\/v2\/giftcard-category?post=8254"}],"curies":[{"name":"wp","href":"https:\/\/api.w.org\/{rel}","templated":true}]}}