{"id":8293,"date":"2025-05-08T19:12:31","date_gmt":"2025-05-08T19:12:31","guid":{"rendered":"https:\/\/siluettpood.ee\/?post_type=product&#038;p=8293"},"modified":"2025-05-08T19:12:31","modified_gmt":"2025-05-08T19:12:31","slug":"130x130-cm-silk-wool-arctic-elephants-sunset-beach","status":"publish","type":"product","link":"https:\/\/siluettpood.ee\/et\/130x130-cm-silk-wool-arctic-elephants-sunset-beach\/","title":{"rendered":"130x130cm Arktilised Elevandid Siid-Villane P\u00e4ikeseloojangu Roosa"},"content":{"rendered":"<p>Arktilised Elevandid on omamoodi elevandid, kes ei karda k\u00fclma ja kes m\u00f6\u00f6da p\u00f5hjamaist suvepealinna P\u00e4rnut kujukestena ringi uitavad.\nSiid-villale tr\u00fckitud r\u00e4tikud kannavad endas r\u00f5\u00f5msat, suvist meeleolu \u2013 liikumist ja detaile.<br \/>\nArktilised Elevandid on kujutlusv\u00f5ime, kunsti ja soojuse s\u00fcmbolid p\u00f5hjamaiselt jahedas kliimas.<\/p>\n<p>R\u00e4tik on 130x130cm heledas virsikukarva p\u00e4ikeseloojangu roosakas baastoonis, siidi ja villa koostisega, k\u00e4sitsi \u00e4\u00e4ristatud servadega.<\/p>","protected":false},"excerpt":{"rendered":"<p>K\u00c4TLIN KALJUVEE<\/p>","protected":false},"featured_media":8294,"template":"","meta":[],"product_brand":[],"product_cat":[30,90,58],"product_tag":[],"giftcard-category":[],"class_list":{"0":"post-8293","1":"product","2":"type-product","3":"status-publish","4":"has-post-thumbnail","6":"product_cat-accessories","7":"product_cat-katlin-kaljuvee-2-2","8":"product_cat-other","10":"first","11":"instock","12":"shipping-taxable","13":"purchasable","14":"product-type-variable","15":"layout-style-6","16":"col-md-4 col-sm-4 col-xs-6","17":"col-lg-3","18":"product-has-gallery","19":"product-style-default"},"gallery_images":[8295],"_links":{"self":[{"href":"https:\/\/siluettpood.ee\/et\/wp-json\/wp\/v2\/product\/8293","targetHints":{"allow":["GET"]}}],"collection":[{"href":"https:\/\/siluettpood.ee\/et\/wp-json\/wp\/v2\/product"}],"about":[{"href":"https:\/\/siluettpood.ee\/et\/wp-json\/wp\/v2\/types\/product"}],"version-history":[{"count":0,"href":"https:\/\/siluettpood.ee\/et\/wp-json\/wp\/v2\/product\/8293\/revisions"}],"wp:featuredmedia":[{"embeddable":true,"href":"https:\/\/siluettpood.ee\/et\/wp-json\/wp\/v2\/media\/8294"}],"wp:attachment":[{"href":"https:\/\/siluettpood.ee\/et\/wp-json\/wp\/v2\/media?parent=8293"}],"wp:term":[{"taxonomy":"product_brand","embeddable":true,"href":"https:\/\/siluettpood.ee\/et\/wp-json\/wp\/v2\/product_brand?post=8293"},{"taxonomy":"product_cat","embeddable":true,"href":"https:\/\/siluettpood.ee\/et\/wp-json\/wp\/v2\/product_cat?post=8293"},{"taxonomy":"product_tag","embeddable":true,"href":"https:\/\/siluettpood.ee\/et\/wp-json\/wp\/v2\/product_tag?post=8293"},{"taxonomy":"giftcard-category","embeddable":true,"href":"https:\/\/siluettpood.ee\/et\/wp-json\/wp\/v2\/giftcard-category?post=8293"}],"curies":[{"name":"wp","href":"https:\/\/api.w.org\/{rel}","templated":true}]}}