{"id":8349,"date":"2025-05-16T18:13:22","date_gmt":"2025-05-16T18:13:22","guid":{"rendered":"https:\/\/siluettpood.ee\/?post_type=product&#038;p=8349"},"modified":"2026-05-01T20:48:38","modified_gmt":"2026-05-01T18:48:38","slug":"linen-pants-megan-3","status":"publish","type":"product","link":"https:\/\/siluettpood.ee\/et\/toode\/linen-pants-megan-3\/","title":{"rendered":"Linane p\u00fcksid Megan"},"content":{"rendered":"<p>Linased p\u00fcksid Megan on tehtud pehmendatud linasest kangast, p\u00fcksid on kandes m\u00f5nusad ja hingavad. Megan p\u00fcksid on oversize ja maani pikkusega, paeltega reguleeritava elastse v\u00f6\u00f6ga, k\u00fcljetaskute ja oversize l\u00f5ikega. Stiliseeri Megan p\u00fckse erinevate pluuside v\u00f5i s\u00e4rkidega. Universaalne disain nii kandmiseks kodus kui ka puhkusel.<\/p>\n<p dir=\"ltr\">\ud83d\udccfIstuvus - Oversize<\/p>\n<p>\u2655Modelli pikkus 175 cm - kannab suurust XS\/S<\/p>\n<p>MATERJAL: 100% PEHMENDATUD LINA (OEKO-TEX)<\/p>","protected":false},"excerpt":{"rendered":"<h2>MUULIN<\/h2>","protected":false},"featured_media":8350,"template":"","meta":[],"product_brand":[],"product_cat":[103,64,42],"product_tag":[],"giftcard-category":[],"class_list":{"0":"post-8349","1":"product","2":"type-product","3":"status-publish","4":"has-post-thumbnail","6":"product_cat-muulin-2","7":"product_cat-pants","8":"product_cat-women","10":"first","11":"instock","12":"shipping-taxable","13":"purchasable","14":"product-type-variable","15":"layout-style-6","16":"col-md-4 col-sm-4 col-xs-6","17":"col-lg-3","18":"product-has-gallery","19":"product-style-default"},"gallery_images":[8351],"_links":{"self":[{"href":"https:\/\/siluettpood.ee\/et\/wp-json\/wp\/v2\/product\/8349","targetHints":{"allow":["GET"]}}],"collection":[{"href":"https:\/\/siluettpood.ee\/et\/wp-json\/wp\/v2\/product"}],"about":[{"href":"https:\/\/siluettpood.ee\/et\/wp-json\/wp\/v2\/types\/product"}],"version-history":[{"count":2,"href":"https:\/\/siluettpood.ee\/et\/wp-json\/wp\/v2\/product\/8349\/revisions"}],"predecessor-version":[{"id":11036,"href":"https:\/\/siluettpood.ee\/et\/wp-json\/wp\/v2\/product\/8349\/revisions\/11036"}],"wp:featuredmedia":[{"embeddable":true,"href":"https:\/\/siluettpood.ee\/et\/wp-json\/wp\/v2\/media\/8350"}],"wp:attachment":[{"href":"https:\/\/siluettpood.ee\/et\/wp-json\/wp\/v2\/media?parent=8349"}],"wp:term":[{"taxonomy":"product_brand","embeddable":true,"href":"https:\/\/siluettpood.ee\/et\/wp-json\/wp\/v2\/product_brand?post=8349"},{"taxonomy":"product_cat","embeddable":true,"href":"https:\/\/siluettpood.ee\/et\/wp-json\/wp\/v2\/product_cat?post=8349"},{"taxonomy":"product_tag","embeddable":true,"href":"https:\/\/siluettpood.ee\/et\/wp-json\/wp\/v2\/product_tag?post=8349"},{"taxonomy":"giftcard-category","embeddable":true,"href":"https:\/\/siluettpood.ee\/et\/wp-json\/wp\/v2\/giftcard-category?post=8349"}],"curies":[{"name":"wp","href":"https:\/\/api.w.org\/{rel}","templated":true}]}}