{"id":8371,"date":"2025-05-19T15:01:55","date_gmt":"2025-05-19T15:01:55","guid":{"rendered":"https:\/\/siluettpood.ee\/?post_type=product&#038;p=8371"},"modified":"2026-05-01T17:45:59","modified_gmt":"2026-05-01T15:45:59","slug":"linen-top-2","status":"publish","type":"product","link":"https:\/\/siluettpood.ee\/et\/toode\/linen-top-2\/","title":{"rendered":"Linane Top"},"content":{"rendered":"<p>Varrukateta linane top on m\u00f5nus igap\u00e4evane top, mida enda riidekapist v\u00f5tta. Tal on A-kujuga siluett ja v\u00e4ikesed k\u00fcljel\u00f5hikud. Topil on ka naturaalsest viskoosist vooder ning mugavuseks seljale lisatud n\u00f6\u00f6biga l\u00f5hik. M\u00f5nus, kerge ja mugav riideese, millele alati toetuda.<\/p>\n<p><strong>\ud83d\udccfIstuvus - Klassikaline<\/strong><\/p>\n<p><strong>\u2655Modelli pikkus 175 cm \u2013 kannab suurust S<\/strong><\/p>\n<p>MATERJAL: 100% PEHMENDATUD LINA (OEKO-TEX)<\/p>","protected":false},"excerpt":{"rendered":"<h2>MUULIN<\/h2>","protected":false},"featured_media":8372,"template":"","meta":[],"product_brand":[],"product_cat":[103,42],"product_tag":[],"giftcard-category":[],"class_list":{"0":"post-8371","1":"product","2":"type-product","3":"status-publish","4":"has-post-thumbnail","6":"product_cat-muulin-2","7":"product_cat-women","9":"first","10":"instock","11":"shipping-taxable","12":"purchasable","13":"product-type-variable","14":"layout-style-6","15":"col-md-4 col-sm-4 col-xs-6","16":"col-lg-3","17":"product-has-gallery","18":"product-style-default"},"gallery_images":[8373],"_links":{"self":[{"href":"https:\/\/siluettpood.ee\/et\/wp-json\/wp\/v2\/product\/8371","targetHints":{"allow":["GET"]}}],"collection":[{"href":"https:\/\/siluettpood.ee\/et\/wp-json\/wp\/v2\/product"}],"about":[{"href":"https:\/\/siluettpood.ee\/et\/wp-json\/wp\/v2\/types\/product"}],"version-history":[{"count":1,"href":"https:\/\/siluettpood.ee\/et\/wp-json\/wp\/v2\/product\/8371\/revisions"}],"predecessor-version":[{"id":10990,"href":"https:\/\/siluettpood.ee\/et\/wp-json\/wp\/v2\/product\/8371\/revisions\/10990"}],"wp:featuredmedia":[{"embeddable":true,"href":"https:\/\/siluettpood.ee\/et\/wp-json\/wp\/v2\/media\/8372"}],"wp:attachment":[{"href":"https:\/\/siluettpood.ee\/et\/wp-json\/wp\/v2\/media?parent=8371"}],"wp:term":[{"taxonomy":"product_brand","embeddable":true,"href":"https:\/\/siluettpood.ee\/et\/wp-json\/wp\/v2\/product_brand?post=8371"},{"taxonomy":"product_cat","embeddable":true,"href":"https:\/\/siluettpood.ee\/et\/wp-json\/wp\/v2\/product_cat?post=8371"},{"taxonomy":"product_tag","embeddable":true,"href":"https:\/\/siluettpood.ee\/et\/wp-json\/wp\/v2\/product_tag?post=8371"},{"taxonomy":"giftcard-category","embeddable":true,"href":"https:\/\/siluettpood.ee\/et\/wp-json\/wp\/v2\/giftcard-category?post=8371"}],"curies":[{"name":"wp","href":"https:\/\/api.w.org\/{rel}","templated":true}]}}