{"id":8445,"date":"2025-06-06T17:48:26","date_gmt":"2025-06-06T17:48:26","guid":{"rendered":"https:\/\/siluettpood.ee\/?post_type=product&#038;p=8445"},"modified":"2025-09-27T07:54:36","modified_gmt":"2025-09-27T07:54:36","slug":"holmikkleit","status":"publish","type":"product","link":"https:\/\/siluettpood.ee\/et\/holmikkleit\/","title":{"rendered":"H\u00f5lmikkleit"},"content":{"rendered":"<p>H\u00f5lmikkleit. Seljal 4cm laiune pael, millest moodustub v\u00f6\u00f6aas. Seotav v\u00f6\u00f6 samast paelast. K\u00fclje\u00f5mbluses taskud. Varrukateta. V-kaelusega. H\u00f5lmade nurgad kaeluses tagasip\u00f6\u00f6ratud. Voodrita. K\u00fclgedel v\u00f6\u00f6aasad.<br \/>\nMust, hall kleit tehtud paksust viskooskangast, smaragdrohelise\/musta paelaga. Linane kleit helehalli paelaga.<\/p>\n<p>36 (rind 84cm, talje 66cm, puus 92cm) pikkus 101cm<br \/>\n38 (rind 88cm, talje 70cm, puus 96cm) pikkus 103cm<br \/>\n40 (rind 92cm, talje 74cm, puus 100cm) pikkus 105cm<br \/>\n42 (rind 96cm, talje 78cm, puus 104cm) pikkus 106cm<\/p>","protected":false},"excerpt":{"rendered":"<p>RAILI N\u00d5LVAK<\/p>","protected":false},"featured_media":8446,"template":"","meta":[],"product_brand":[],"product_cat":[59,60,92,42],"product_tag":[],"giftcard-category":[],"class_list":{"0":"post-8445","1":"product","2":"type-product","3":"status-publish","4":"has-post-thumbnail","6":"product_cat-clothing","7":"product_cat-dresses","8":"product_cat-raili-nolvak-3","9":"product_cat-women","11":"first","12":"instock","13":"shipping-taxable","14":"purchasable","15":"product-type-variable","16":"layout-style-6","17":"col-md-4 col-sm-4 col-xs-6","18":"col-lg-3","19":"product-style-default"},"gallery_images":[],"_links":{"self":[{"href":"https:\/\/siluettpood.ee\/et\/wp-json\/wp\/v2\/product\/8445","targetHints":{"allow":["GET"]}}],"collection":[{"href":"https:\/\/siluettpood.ee\/et\/wp-json\/wp\/v2\/product"}],"about":[{"href":"https:\/\/siluettpood.ee\/et\/wp-json\/wp\/v2\/types\/product"}],"version-history":[{"count":1,"href":"https:\/\/siluettpood.ee\/et\/wp-json\/wp\/v2\/product\/8445\/revisions"}],"predecessor-version":[{"id":8882,"href":"https:\/\/siluettpood.ee\/et\/wp-json\/wp\/v2\/product\/8445\/revisions\/8882"}],"wp:featuredmedia":[{"embeddable":true,"href":"https:\/\/siluettpood.ee\/et\/wp-json\/wp\/v2\/media\/8446"}],"wp:attachment":[{"href":"https:\/\/siluettpood.ee\/et\/wp-json\/wp\/v2\/media?parent=8445"}],"wp:term":[{"taxonomy":"product_brand","embeddable":true,"href":"https:\/\/siluettpood.ee\/et\/wp-json\/wp\/v2\/product_brand?post=8445"},{"taxonomy":"product_cat","embeddable":true,"href":"https:\/\/siluettpood.ee\/et\/wp-json\/wp\/v2\/product_cat?post=8445"},{"taxonomy":"product_tag","embeddable":true,"href":"https:\/\/siluettpood.ee\/et\/wp-json\/wp\/v2\/product_tag?post=8445"},{"taxonomy":"giftcard-category","embeddable":true,"href":"https:\/\/siluettpood.ee\/et\/wp-json\/wp\/v2\/giftcard-category?post=8445"}],"curies":[{"name":"wp","href":"https:\/\/api.w.org\/{rel}","templated":true}]}}