{"id":8530,"date":"2025-06-18T16:44:19","date_gmt":"2025-06-18T16:44:19","guid":{"rendered":"https:\/\/siluettpood.ee\/?post_type=product&#038;p=8530"},"modified":"2026-04-21T16:44:59","modified_gmt":"2026-04-21T14:44:59","slug":"slip-dress-nia-nude","status":"publish","type":"product","link":"https:\/\/siluettpood.ee\/et\/slip-dress-nia-nude\/","title":{"rendered":"Kleit NIA nude"},"content":{"rendered":"<p>Hanna \u00fcheks signatuurtooteks igal suvel on slip-kleit NIA. See meenutab \u0161ikke ja minimalistlikke 90ndate stiile. Kleit on valmistatud viskoosisegu krepist ja l\u00f5igatud diagonaalselt, mist\u00f5ttu see j\u00e4rgib kaunilt sinu kehakumerusi. Kleidil on lihtne ja minimalistlik disain, U-kujuline kaelus ning vabalt voogav siluett, mis \u00f5rnalt keha j\u00e4rgib. Midi-pikkuses slip-kleidid on tuntud oma luksusliku ja kerge tunde poolest, mist\u00f5ttu on need populaarsed valikud erilisteks s\u00fcndmusteks v\u00f5i \u00f5htusteks \u00fcritusteks. Neid saab kanda nii iseseisvalt kui ka kombineerida teiste r\u00f5ivastega, et luua mitmek\u00fclgseid ja stiilseid kooslusi. Kanna seda oma puhkuse ajal \u00f5huliste sandaalidega v\u00f5i kontsadega suviseks kohtingu\u00f5htuks.<\/p>","protected":false},"excerpt":{"rendered":"<p>HANNA KORSAR<\/p>","protected":false},"featured_media":8531,"template":"","meta":[],"product_brand":[],"product_cat":[59,60,85,42],"product_tag":[],"giftcard-category":[],"class_list":{"0":"post-8530","1":"product","2":"type-product","3":"status-publish","4":"has-post-thumbnail","6":"product_cat-clothing","7":"product_cat-dresses","8":"product_cat-hanna-korsar-3","9":"product_cat-women","11":"first","12":"instock","13":"shipping-taxable","14":"purchasable","15":"product-type-variable","16":"layout-style-6","17":"col-md-4 col-sm-4 col-xs-6","18":"col-lg-3","19":"product-has-gallery","20":"product-style-default"},"gallery_images":[8532],"_links":{"self":[{"href":"https:\/\/siluettpood.ee\/et\/wp-json\/wp\/v2\/product\/8530","targetHints":{"allow":["GET"]}}],"collection":[{"href":"https:\/\/siluettpood.ee\/et\/wp-json\/wp\/v2\/product"}],"about":[{"href":"https:\/\/siluettpood.ee\/et\/wp-json\/wp\/v2\/types\/product"}],"version-history":[{"count":1,"href":"https:\/\/siluettpood.ee\/et\/wp-json\/wp\/v2\/product\/8530\/revisions"}],"predecessor-version":[{"id":10849,"href":"https:\/\/siluettpood.ee\/et\/wp-json\/wp\/v2\/product\/8530\/revisions\/10849"}],"wp:featuredmedia":[{"embeddable":true,"href":"https:\/\/siluettpood.ee\/et\/wp-json\/wp\/v2\/media\/8531"}],"wp:attachment":[{"href":"https:\/\/siluettpood.ee\/et\/wp-json\/wp\/v2\/media?parent=8530"}],"wp:term":[{"taxonomy":"product_brand","embeddable":true,"href":"https:\/\/siluettpood.ee\/et\/wp-json\/wp\/v2\/product_brand?post=8530"},{"taxonomy":"product_cat","embeddable":true,"href":"https:\/\/siluettpood.ee\/et\/wp-json\/wp\/v2\/product_cat?post=8530"},{"taxonomy":"product_tag","embeddable":true,"href":"https:\/\/siluettpood.ee\/et\/wp-json\/wp\/v2\/product_tag?post=8530"},{"taxonomy":"giftcard-category","embeddable":true,"href":"https:\/\/siluettpood.ee\/et\/wp-json\/wp\/v2\/giftcard-category?post=8530"}],"curies":[{"name":"wp","href":"https:\/\/api.w.org\/{rel}","templated":true}]}}