{"id":8542,"date":"2025-06-18T17:41:43","date_gmt":"2025-06-18T17:41:43","guid":{"rendered":"https:\/\/siluettpood.ee\/?post_type=product&#038;p=8542"},"modified":"2025-06-18T17:41:43","modified_gmt":"2025-06-18T17:41:43","slug":"slip-dress-nia-electric","status":"publish","type":"product","link":"https:\/\/siluettpood.ee\/et\/slip-dress-nia-electric\/","title":{"rendered":"Kleit NIA elektrisinine"},"content":{"rendered":"<p>See elektrisinine slip-kleit on mitmek\u00fclgne ja elegantne t\u00e4iendus sinu garderoobi. Valmistatud siledast ja l\u00e4ikivast kreppkangast, millel on satiinjas s\u00e4ra, \u00f5hkub sellest kleidist elegantsust. Selle lihtne ja minimalistlik disain sisaldab U-kujulist kaelust ning vabalt voogavat siluetti, mis langeb graatsiliselt \u00fcmber keha. Midi-pikkusega kleit omab peent l\u00e4iget, lisades igale v\u00e4limusele pisut glamuuri.<\/p>\n<p>Slip-kleidid on tuntud oma luksusliku ja kerge tunde poolest, muutes need ideaalseks valikuks eriliseks s\u00fcndmuseks v\u00f5i \u00f5htuseks \u00fcrituseks. Seda sinist kleiti v\u00f5ib kanda \u00fcksi, et saavutada lihtne ja peen v\u00e4limus, v\u00f5i kombineerida teiste r\u00f5ivastega, et luua erinevaid stiilseid komplekte. Naudi selle ajatult elegantse eseme vaevatust stiili Hanna Korsari kollektsioonist.<\/p>","protected":false},"excerpt":{"rendered":"<p>HANNA KORSAR<\/p>","protected":false},"featured_media":8543,"template":"","meta":[],"product_brand":[],"product_cat":[59,60,85,42],"product_tag":[],"giftcard-category":[],"class_list":{"0":"post-8542","1":"product","2":"type-product","3":"status-publish","4":"has-post-thumbnail","6":"product_cat-clothing","7":"product_cat-dresses","8":"product_cat-hanna-korsar-3","9":"product_cat-women","11":"first","12":"instock","13":"shipping-taxable","14":"purchasable","15":"product-type-variable","16":"layout-style-6","17":"col-md-4 col-sm-4 col-xs-6","18":"col-lg-3","19":"product-style-default"},"gallery_images":[],"_links":{"self":[{"href":"https:\/\/siluettpood.ee\/et\/wp-json\/wp\/v2\/product\/8542","targetHints":{"allow":["GET"]}}],"collection":[{"href":"https:\/\/siluettpood.ee\/et\/wp-json\/wp\/v2\/product"}],"about":[{"href":"https:\/\/siluettpood.ee\/et\/wp-json\/wp\/v2\/types\/product"}],"version-history":[{"count":0,"href":"https:\/\/siluettpood.ee\/et\/wp-json\/wp\/v2\/product\/8542\/revisions"}],"wp:featuredmedia":[{"embeddable":true,"href":"https:\/\/siluettpood.ee\/et\/wp-json\/wp\/v2\/media\/8543"}],"wp:attachment":[{"href":"https:\/\/siluettpood.ee\/et\/wp-json\/wp\/v2\/media?parent=8542"}],"wp:term":[{"taxonomy":"product_brand","embeddable":true,"href":"https:\/\/siluettpood.ee\/et\/wp-json\/wp\/v2\/product_brand?post=8542"},{"taxonomy":"product_cat","embeddable":true,"href":"https:\/\/siluettpood.ee\/et\/wp-json\/wp\/v2\/product_cat?post=8542"},{"taxonomy":"product_tag","embeddable":true,"href":"https:\/\/siluettpood.ee\/et\/wp-json\/wp\/v2\/product_tag?post=8542"},{"taxonomy":"giftcard-category","embeddable":true,"href":"https:\/\/siluettpood.ee\/et\/wp-json\/wp\/v2\/giftcard-category?post=8542"}],"curies":[{"name":"wp","href":"https:\/\/api.w.org\/{rel}","templated":true}]}}