{"id":8546,"date":"2025-06-18T17:49:21","date_gmt":"2025-06-18T17:49:21","guid":{"rendered":"https:\/\/siluettpood.ee\/?post_type=product&#038;p=8546"},"modified":"2025-06-18T17:49:21","modified_gmt":"2025-06-18T17:49:21","slug":"pants-ida-lilac","status":"publish","type":"product","link":"https:\/\/siluettpood.ee\/et\/pants-ida-lilac\/","title":{"rendered":"P\u00fcksid IDA lilla"},"content":{"rendered":"<p>Hanna kitsenevad IDA p\u00fcksid on mitmek\u00fclgne lisa teie garderoobile\u2014t\u00e4iuslikuks koosluseks igasuguste T-s\u00e4rkide ja bleiseritega. P\u00fckstel on k\u00f5rge v\u00f6\u00f6koht ja pehmed voldid v\u00f6\u00f6joonel, mis loovad meeldiva ja vabalt langeva silueti. Valmistatud kergest viskoosist, mis on disainitud praktiliste k\u00fcljetaskutega ja t\u00f5mblukk-kinnis koos n\u00f6\u00f6biga. L\u00fchendatud pikkus lisab moodsa n\u00fcansi, samas kui kitsenev kuju tagab \u0161iki viimistletud v\u00e4limuse.<\/p>","protected":false},"excerpt":{"rendered":"<p>HANNA KORSAR<\/p>","protected":false},"featured_media":8547,"template":"","meta":[],"product_brand":[],"product_cat":[59,85,64,42],"product_tag":[],"giftcard-category":[],"class_list":{"0":"post-8546","1":"product","2":"type-product","3":"status-publish","4":"has-post-thumbnail","6":"product_cat-clothing","7":"product_cat-hanna-korsar-3","8":"product_cat-pants","9":"product_cat-women","11":"first","12":"instock","13":"shipping-taxable","14":"purchasable","15":"product-type-variable","16":"layout-style-6","17":"col-md-4 col-sm-4 col-xs-6","18":"col-lg-3","19":"product-has-gallery","20":"product-style-default"},"gallery_images":[8548],"_links":{"self":[{"href":"https:\/\/siluettpood.ee\/et\/wp-json\/wp\/v2\/product\/8546","targetHints":{"allow":["GET"]}}],"collection":[{"href":"https:\/\/siluettpood.ee\/et\/wp-json\/wp\/v2\/product"}],"about":[{"href":"https:\/\/siluettpood.ee\/et\/wp-json\/wp\/v2\/types\/product"}],"version-history":[{"count":0,"href":"https:\/\/siluettpood.ee\/et\/wp-json\/wp\/v2\/product\/8546\/revisions"}],"wp:featuredmedia":[{"embeddable":true,"href":"https:\/\/siluettpood.ee\/et\/wp-json\/wp\/v2\/media\/8547"}],"wp:attachment":[{"href":"https:\/\/siluettpood.ee\/et\/wp-json\/wp\/v2\/media?parent=8546"}],"wp:term":[{"taxonomy":"product_brand","embeddable":true,"href":"https:\/\/siluettpood.ee\/et\/wp-json\/wp\/v2\/product_brand?post=8546"},{"taxonomy":"product_cat","embeddable":true,"href":"https:\/\/siluettpood.ee\/et\/wp-json\/wp\/v2\/product_cat?post=8546"},{"taxonomy":"product_tag","embeddable":true,"href":"https:\/\/siluettpood.ee\/et\/wp-json\/wp\/v2\/product_tag?post=8546"},{"taxonomy":"giftcard-category","embeddable":true,"href":"https:\/\/siluettpood.ee\/et\/wp-json\/wp\/v2\/giftcard-category?post=8546"}],"curies":[{"name":"wp","href":"https:\/\/api.w.org\/{rel}","templated":true}]}}