{"id":8671,"date":"2025-07-07T17:37:05","date_gmt":"2025-07-07T17:37:05","guid":{"rendered":"https:\/\/siluettpood.ee\/?post_type=product&#038;p=8671"},"modified":"2025-07-07T17:37:05","modified_gmt":"2025-07-07T17:37:05","slug":"upcycled-lurex-striped-pj-trousers-yellow","status":"publish","type":"product","link":"https:\/\/siluettpood.ee\/et\/upcycled-lurex-striped-pj-trousers-yellow\/","title":{"rendered":"Upcycled &#8211; Lurex Striped PJ Trousers &#8211; Yellow"},"content":{"rendered":"<p>Stiilsed ja samas mugavad laia s\u00e4\u00e4rega p\u00fcksid. Roosa kassilogoga elastse v\u00f6\u00f6kohaga p\u00fckse saab h\u00f5lpsasti reguleerida k\u00f5rge ja madala v\u00f6\u00f6koha vahel.<\/p>\n<p>\u2022 Signature pink cat logo elastic<br \/>\n\u2022 Front pockets<br \/>\n\u2022 55% viscose, 45% polyester<br \/>\n\u2022 Machine wash 30\u00b0C<br \/>\n\u2022 Made in Estonia<\/p>\n<p>Side seam length: 107cm<\/p>\n<p>Kriss wears size M. She is 165cm tall.<\/p>","protected":false},"excerpt":{"rendered":"<p>KRISS SOONIK<\/p>","protected":false},"featured_media":8672,"template":"","meta":[],"product_brand":[],"product_cat":[59,73,64,42],"product_tag":[],"giftcard-category":[],"class_list":{"0":"post-8671","1":"product","2":"type-product","3":"status-publish","4":"has-post-thumbnail","6":"product_cat-clothing","7":"product_cat-kriss-soonik-2","8":"product_cat-pants","9":"product_cat-women","11":"first","12":"instock","13":"shipping-taxable","14":"purchasable","15":"product-type-variable","16":"layout-style-6","17":"col-md-4 col-sm-4 col-xs-6","18":"col-lg-3","19":"product-has-gallery","20":"product-style-default"},"gallery_images":[8673],"_links":{"self":[{"href":"https:\/\/siluettpood.ee\/et\/wp-json\/wp\/v2\/product\/8671","targetHints":{"allow":["GET"]}}],"collection":[{"href":"https:\/\/siluettpood.ee\/et\/wp-json\/wp\/v2\/product"}],"about":[{"href":"https:\/\/siluettpood.ee\/et\/wp-json\/wp\/v2\/types\/product"}],"version-history":[{"count":0,"href":"https:\/\/siluettpood.ee\/et\/wp-json\/wp\/v2\/product\/8671\/revisions"}],"wp:featuredmedia":[{"embeddable":true,"href":"https:\/\/siluettpood.ee\/et\/wp-json\/wp\/v2\/media\/8672"}],"wp:attachment":[{"href":"https:\/\/siluettpood.ee\/et\/wp-json\/wp\/v2\/media?parent=8671"}],"wp:term":[{"taxonomy":"product_brand","embeddable":true,"href":"https:\/\/siluettpood.ee\/et\/wp-json\/wp\/v2\/product_brand?post=8671"},{"taxonomy":"product_cat","embeddable":true,"href":"https:\/\/siluettpood.ee\/et\/wp-json\/wp\/v2\/product_cat?post=8671"},{"taxonomy":"product_tag","embeddable":true,"href":"https:\/\/siluettpood.ee\/et\/wp-json\/wp\/v2\/product_tag?post=8671"},{"taxonomy":"giftcard-category","embeddable":true,"href":"https:\/\/siluettpood.ee\/et\/wp-json\/wp\/v2\/giftcard-category?post=8671"}],"curies":[{"name":"wp","href":"https:\/\/api.w.org\/{rel}","templated":true}]}}