{"id":8755,"date":"2025-09-09T13:23:47","date_gmt":"2025-09-09T13:23:47","guid":{"rendered":"https:\/\/siluettpood.ee\/?post_type=product&#038;p=8755"},"modified":"2025-09-09T14:47:58","modified_gmt":"2025-09-09T14:47:58","slug":"alpaca-wool-scarf","status":"publish","type":"product","link":"https:\/\/siluettpood.ee\/et\/alpaca-wool-scarf\/","title":{"rendered":"ALPAKAVILLANE SALL"},"content":{"rendered":"<p>Alpaka sall on m\u00f5nusalt karvane ja pehme, mis on naha vastus hell ega aja s\u00fcgelema. Alpakavill on h\u00e4sti hingav ja kerge, h\u00fcpoallergeenne (allergiavaba) ning seda on lihtne hooldada. Alpaka sall on naiselikult \u00f5rn ja armas, samas m\u00f5nusalt igap\u00e4evane.<\/p>\n<p>Disainitud ja kootud Eestis, Saaremaal.<\/p>\n<p><strong>Material:<\/strong>\u00a0Materjal: Alpakavilla (70%) ja lambavilla (16%) segu ning pol\u00fcamiid (14%)<\/p>","protected":false},"excerpt":{"rendered":"<p>\u00c4RNI BLUM<\/p>","protected":false},"featured_media":8757,"template":"","meta":[],"product_brand":[],"product_cat":[77,30,56,42],"product_tag":[],"giftcard-category":[],"class_list":{"0":"post-8755","1":"product","2":"type-product","3":"status-publish","4":"has-post-thumbnail","6":"product_cat-arni-blum-4","7":"product_cat-accessories","8":"product_cat-scarves","9":"product_cat-women","11":"first","12":"instock","13":"shipping-taxable","14":"purchasable","15":"product-type-variable","16":"layout-style-6","17":"col-md-4 col-sm-4 col-xs-6","18":"col-lg-3","19":"product-style-default"},"gallery_images":[],"_links":{"self":[{"href":"https:\/\/siluettpood.ee\/et\/wp-json\/wp\/v2\/product\/8755","targetHints":{"allow":["GET"]}}],"collection":[{"href":"https:\/\/siluettpood.ee\/et\/wp-json\/wp\/v2\/product"}],"about":[{"href":"https:\/\/siluettpood.ee\/et\/wp-json\/wp\/v2\/types\/product"}],"version-history":[{"count":0,"href":"https:\/\/siluettpood.ee\/et\/wp-json\/wp\/v2\/product\/8755\/revisions"}],"wp:featuredmedia":[{"embeddable":true,"href":"https:\/\/siluettpood.ee\/et\/wp-json\/wp\/v2\/media\/8757"}],"wp:attachment":[{"href":"https:\/\/siluettpood.ee\/et\/wp-json\/wp\/v2\/media?parent=8755"}],"wp:term":[{"taxonomy":"product_brand","embeddable":true,"href":"https:\/\/siluettpood.ee\/et\/wp-json\/wp\/v2\/product_brand?post=8755"},{"taxonomy":"product_cat","embeddable":true,"href":"https:\/\/siluettpood.ee\/et\/wp-json\/wp\/v2\/product_cat?post=8755"},{"taxonomy":"product_tag","embeddable":true,"href":"https:\/\/siluettpood.ee\/et\/wp-json\/wp\/v2\/product_tag?post=8755"},{"taxonomy":"giftcard-category","embeddable":true,"href":"https:\/\/siluettpood.ee\/et\/wp-json\/wp\/v2\/giftcard-category?post=8755"}],"curies":[{"name":"wp","href":"https:\/\/api.w.org\/{rel}","templated":true}]}}