{"id":8761,"date":"2025-09-09T15:07:16","date_gmt":"2025-09-09T15:07:16","guid":{"rendered":"https:\/\/siluettpood.ee\/?post_type=product&#038;p=8761"},"modified":"2025-11-18T09:40:21","modified_gmt":"2025-11-18T09:40:21","slug":"molly-mohair-sweater","status":"publish","type":"product","link":"https:\/\/siluettpood.ee\/et\/molly-mohair-sweater\/","title":{"rendered":"MOLLY MOH\u00c4\u00c4RIST KAMPSUN"},"content":{"rendered":"<p class=\"translation-block\">Eksklusiivsest Jaapani siidmoh\u00e4\u00e4rist kootud imepehme ja kerge Molly kampsun on ideaalne valik ka k\u00f5ige tundlikuma nahaga inimesele. \u00c4\u00e4rmiselt naiselik, kuid samas universaalne kampsun, mis sobitub h\u00e4sti nii teksap\u00fckste, dresside kui ka siidseelikuga kombineerimiseks. T\u00e4iusliku kandmise naudingu saamiseks kombineeri Molly seelikuga. Kampsunil on pikad laiad varrukad, mis on alumisest \u00e4\u00e4rest kitsenevad. Randmel pisikesed l\u00f5hikud. Kudumil on v-kaelus ning \u00f5mblused v\u00e4ljaspool.<\/p>\n<p>Kudum kuulub meie uude kollektsiooni \u201eroots\u201c. Kollektsioon on inspireeritud r\u00e4nnakust tagasi juurte juurde ning peegeldab s\u00fcgavaid arutelusid selle \u00fcle, kuidas juured ja geneetika m\u00f5jutavad seda, kelleks me oleme loodud ja milliseks oleme v\u00f5imelised arenema.<\/p>\n<p>Disainitud ja kootud Eestis, Saaremaal.<\/p>\n<p>_<br \/>\n<strong>Material:<\/strong>\u00a065% moh\u00e4\u00e4r, 35% siid<\/p>","protected":false},"excerpt":{"rendered":"<p>\u00c4RNI BLUM<\/p>","protected":false},"featured_media":8762,"template":"","meta":[],"product_brand":[],"product_cat":[77,78,42],"product_tag":[],"giftcard-category":[],"class_list":{"0":"post-8761","1":"product","2":"type-product","3":"status-publish","4":"has-post-thumbnail","6":"product_cat-arni-blum-4","7":"product_cat-knitwear","8":"product_cat-women","10":"first","11":"instock","12":"shipping-taxable","13":"purchasable","14":"product-type-variable","15":"layout-style-6","16":"col-md-4 col-sm-4 col-xs-6","17":"col-lg-3","18":"product-has-gallery","19":"product-style-default"},"gallery_images":[8763],"_links":{"self":[{"href":"https:\/\/siluettpood.ee\/et\/wp-json\/wp\/v2\/product\/8761","targetHints":{"allow":["GET"]}}],"collection":[{"href":"https:\/\/siluettpood.ee\/et\/wp-json\/wp\/v2\/product"}],"about":[{"href":"https:\/\/siluettpood.ee\/et\/wp-json\/wp\/v2\/types\/product"}],"version-history":[{"count":1,"href":"https:\/\/siluettpood.ee\/et\/wp-json\/wp\/v2\/product\/8761\/revisions"}],"predecessor-version":[{"id":8765,"href":"https:\/\/siluettpood.ee\/et\/wp-json\/wp\/v2\/product\/8761\/revisions\/8765"}],"wp:featuredmedia":[{"embeddable":true,"href":"https:\/\/siluettpood.ee\/et\/wp-json\/wp\/v2\/media\/8762"}],"wp:attachment":[{"href":"https:\/\/siluettpood.ee\/et\/wp-json\/wp\/v2\/media?parent=8761"}],"wp:term":[{"taxonomy":"product_brand","embeddable":true,"href":"https:\/\/siluettpood.ee\/et\/wp-json\/wp\/v2\/product_brand?post=8761"},{"taxonomy":"product_cat","embeddable":true,"href":"https:\/\/siluettpood.ee\/et\/wp-json\/wp\/v2\/product_cat?post=8761"},{"taxonomy":"product_tag","embeddable":true,"href":"https:\/\/siluettpood.ee\/et\/wp-json\/wp\/v2\/product_tag?post=8761"},{"taxonomy":"giftcard-category","embeddable":true,"href":"https:\/\/siluettpood.ee\/et\/wp-json\/wp\/v2\/giftcard-category?post=8761"}],"curies":[{"name":"wp","href":"https:\/\/api.w.org\/{rel}","templated":true}]}}