{"id":8777,"date":"2025-09-09T17:33:16","date_gmt":"2025-09-09T17:33:16","guid":{"rendered":"https:\/\/siluettpood.ee\/?post_type=product&#038;p=8777"},"modified":"2025-09-09T17:33:17","modified_gmt":"2025-09-09T17:33:17","slug":"poale-top","status":"publish","type":"product","link":"https:\/\/siluettpood.ee\/et\/poale-top\/","title":{"rendered":"POALE TOPP"},"content":{"rendered":"<p>Lihtsuses peitub v\u00f5lu \u2013 t\u00e4pselt sellised s\u00f5nad kirjeldavad meie puuvillasest l\u00f5ngast kootud kaunist Poale toppi. Kanna suviselt seelikute ja p\u00fckstega ning k\u00fclmal ajal on ta ideaalne aluspluusiks jakkidele ja kampsunitele.<\/p>\n<p>Disainitud ja k\u00e4sitsi kootud Eestis, Saaremaal.<\/p>\n<p class=\"translation-block\">Materjal: 100% puuvill<\/p>","protected":false},"excerpt":{"rendered":"<p>\u00c4RNI BLUM<\/p>","protected":false},"featured_media":8778,"template":"","meta":[],"product_brand":[],"product_cat":[77,78,42],"product_tag":[],"giftcard-category":[],"class_list":{"0":"post-8777","1":"product","2":"type-product","3":"status-publish","4":"has-post-thumbnail","6":"product_cat-arni-blum-4","7":"product_cat-knitwear","8":"product_cat-women","10":"first","11":"instock","12":"shipping-taxable","13":"purchasable","14":"product-type-variable","15":"layout-style-6","16":"col-md-4 col-sm-4 col-xs-6","17":"col-lg-3","18":"product-has-gallery","19":"product-style-default"},"gallery_images":[8779],"_links":{"self":[{"href":"https:\/\/siluettpood.ee\/et\/wp-json\/wp\/v2\/product\/8777","targetHints":{"allow":["GET"]}}],"collection":[{"href":"https:\/\/siluettpood.ee\/et\/wp-json\/wp\/v2\/product"}],"about":[{"href":"https:\/\/siluettpood.ee\/et\/wp-json\/wp\/v2\/types\/product"}],"version-history":[{"count":1,"href":"https:\/\/siluettpood.ee\/et\/wp-json\/wp\/v2\/product\/8777\/revisions"}],"predecessor-version":[{"id":8782,"href":"https:\/\/siluettpood.ee\/et\/wp-json\/wp\/v2\/product\/8777\/revisions\/8782"}],"wp:featuredmedia":[{"embeddable":true,"href":"https:\/\/siluettpood.ee\/et\/wp-json\/wp\/v2\/media\/8778"}],"wp:attachment":[{"href":"https:\/\/siluettpood.ee\/et\/wp-json\/wp\/v2\/media?parent=8777"}],"wp:term":[{"taxonomy":"product_brand","embeddable":true,"href":"https:\/\/siluettpood.ee\/et\/wp-json\/wp\/v2\/product_brand?post=8777"},{"taxonomy":"product_cat","embeddable":true,"href":"https:\/\/siluettpood.ee\/et\/wp-json\/wp\/v2\/product_cat?post=8777"},{"taxonomy":"product_tag","embeddable":true,"href":"https:\/\/siluettpood.ee\/et\/wp-json\/wp\/v2\/product_tag?post=8777"},{"taxonomy":"giftcard-category","embeddable":true,"href":"https:\/\/siluettpood.ee\/et\/wp-json\/wp\/v2\/giftcard-category?post=8777"}],"curies":[{"name":"wp","href":"https:\/\/api.w.org\/{rel}","templated":true}]}}