{"id":8786,"date":"2025-09-09T18:52:07","date_gmt":"2025-09-09T18:52:07","guid":{"rendered":"https:\/\/siluettpood.ee\/?post_type=product&#038;p=8786"},"modified":"2025-09-09T18:52:09","modified_gmt":"2025-09-09T18:52:09","slug":"poale-trousers-2","status":"publish","type":"product","link":"https:\/\/siluettpood.ee\/et\/poale-trousers-2\/","title":{"rendered":"POALE P\u00dcKSID"},"content":{"rendered":"<p>Lihtsuses peitub v\u00f5lu! T\u00e4pselt sellised s\u00f5nad kirjeldavad meie kaunist puuvillasest l\u00f5ngast kootud Poale p\u00fckse.<\/p>\n<p>T\u00e4iusliku kandmise naudingu saamiseks komplekteeri Poale topiga.<\/p>\n<p>Disainitud ja k\u00e4sitsi kootud Eestis, Saaremaal.<\/p>\n<p class=\"translation-block\">Materjal: 100% puuvill<\/p>","protected":false},"excerpt":{"rendered":"<p>\u00c4RNI BLUM<\/p>","protected":false},"featured_media":8787,"template":"","meta":[],"product_brand":[],"product_cat":[77,64,42],"product_tag":[],"giftcard-category":[],"class_list":{"0":"post-8786","1":"product","2":"type-product","3":"status-publish","4":"has-post-thumbnail","6":"product_cat-arni-blum-4","7":"product_cat-pants","8":"product_cat-women","10":"first","11":"instock","12":"shipping-taxable","13":"purchasable","14":"product-type-variable","15":"layout-style-6","16":"col-md-4 col-sm-4 col-xs-6","17":"col-lg-3","18":"product-has-gallery","19":"product-style-default"},"gallery_images":[8788],"_links":{"self":[{"href":"https:\/\/siluettpood.ee\/et\/wp-json\/wp\/v2\/product\/8786","targetHints":{"allow":["GET"]}}],"collection":[{"href":"https:\/\/siluettpood.ee\/et\/wp-json\/wp\/v2\/product"}],"about":[{"href":"https:\/\/siluettpood.ee\/et\/wp-json\/wp\/v2\/types\/product"}],"version-history":[{"count":1,"href":"https:\/\/siluettpood.ee\/et\/wp-json\/wp\/v2\/product\/8786\/revisions"}],"predecessor-version":[{"id":8790,"href":"https:\/\/siluettpood.ee\/et\/wp-json\/wp\/v2\/product\/8786\/revisions\/8790"}],"wp:featuredmedia":[{"embeddable":true,"href":"https:\/\/siluettpood.ee\/et\/wp-json\/wp\/v2\/media\/8787"}],"wp:attachment":[{"href":"https:\/\/siluettpood.ee\/et\/wp-json\/wp\/v2\/media?parent=8786"}],"wp:term":[{"taxonomy":"product_brand","embeddable":true,"href":"https:\/\/siluettpood.ee\/et\/wp-json\/wp\/v2\/product_brand?post=8786"},{"taxonomy":"product_cat","embeddable":true,"href":"https:\/\/siluettpood.ee\/et\/wp-json\/wp\/v2\/product_cat?post=8786"},{"taxonomy":"product_tag","embeddable":true,"href":"https:\/\/siluettpood.ee\/et\/wp-json\/wp\/v2\/product_tag?post=8786"},{"taxonomy":"giftcard-category","embeddable":true,"href":"https:\/\/siluettpood.ee\/et\/wp-json\/wp\/v2\/giftcard-category?post=8786"}],"curies":[{"name":"wp","href":"https:\/\/api.w.org\/{rel}","templated":true}]}}