{"id":8797,"date":"2025-09-10T17:42:24","date_gmt":"2025-09-10T17:42:24","guid":{"rendered":"https:\/\/siluettpood.ee\/?post_type=product&#038;p=8797"},"modified":"2025-09-10T17:42:24","modified_gmt":"2025-09-10T17:42:24","slug":"kaluri-muts","status":"publish","type":"product","link":"https:\/\/siluettpood.ee\/et\/kaluri-muts\/","title":{"rendered":"KALURI M\u00dcTS"},"content":{"rendered":"<p>Suvine puuvillane k\u00e4sitsi heegeldatud Kaluri m\u00fcts on ideaalne peakate suviseks perioodiks. Stiilne kalamehe m\u00fcts kaitseb Sinu hella peanahka kuumava p\u00e4ikese eest. Bucket hat Kaluri m\u00fcts on m\u00f5eldud nii naistele kui ka meestele.<\/p>\n<p>Disainitud ja valminud k\u00e4sit\u00f6\u00f6na Eestis, Saaremaal.<\/p>\n<p><strong>Materjal:<\/strong>\u00a0100% puuvillane<\/p>","protected":false},"excerpt":{"rendered":"<p>\u00c4RNI BLUM<\/p>","protected":false},"featured_media":8798,"template":"","meta":[],"product_brand":[],"product_cat":[77,30,55],"product_tag":[],"giftcard-category":[],"class_list":{"0":"post-8797","1":"product","2":"type-product","3":"status-publish","4":"has-post-thumbnail","6":"product_cat-arni-blum-4","7":"product_cat-accessories","8":"product_cat-headwear","10":"first","11":"instock","12":"shipping-taxable","13":"purchasable","14":"product-type-variable","15":"layout-style-6","16":"col-md-4 col-sm-4 col-xs-6","17":"col-lg-3","18":"product-style-default"},"gallery_images":[],"_links":{"self":[{"href":"https:\/\/siluettpood.ee\/et\/wp-json\/wp\/v2\/product\/8797","targetHints":{"allow":["GET"]}}],"collection":[{"href":"https:\/\/siluettpood.ee\/et\/wp-json\/wp\/v2\/product"}],"about":[{"href":"https:\/\/siluettpood.ee\/et\/wp-json\/wp\/v2\/types\/product"}],"version-history":[{"count":0,"href":"https:\/\/siluettpood.ee\/et\/wp-json\/wp\/v2\/product\/8797\/revisions"}],"wp:featuredmedia":[{"embeddable":true,"href":"https:\/\/siluettpood.ee\/et\/wp-json\/wp\/v2\/media\/8798"}],"wp:attachment":[{"href":"https:\/\/siluettpood.ee\/et\/wp-json\/wp\/v2\/media?parent=8797"}],"wp:term":[{"taxonomy":"product_brand","embeddable":true,"href":"https:\/\/siluettpood.ee\/et\/wp-json\/wp\/v2\/product_brand?post=8797"},{"taxonomy":"product_cat","embeddable":true,"href":"https:\/\/siluettpood.ee\/et\/wp-json\/wp\/v2\/product_cat?post=8797"},{"taxonomy":"product_tag","embeddable":true,"href":"https:\/\/siluettpood.ee\/et\/wp-json\/wp\/v2\/product_tag?post=8797"},{"taxonomy":"giftcard-category","embeddable":true,"href":"https:\/\/siluettpood.ee\/et\/wp-json\/wp\/v2\/giftcard-category?post=8797"}],"curies":[{"name":"wp","href":"https:\/\/api.w.org\/{rel}","templated":true}]}}