{"id":8810,"date":"2025-09-15T09:37:47","date_gmt":"2025-09-15T09:37:47","guid":{"rendered":"https:\/\/siluettpood.ee\/?post_type=product&#038;p=8810"},"modified":"2025-09-15T09:37:48","modified_gmt":"2025-09-15T09:37:48","slug":"kleit-nora-elektriline","status":"publish","type":"product","link":"https:\/\/siluettpood.ee\/et\/kleit-nora-elektriline\/","title":{"rendered":"Kleit NORA sinine"},"content":{"rendered":"<div class=\"description woocommerce-product-details__short-description\">\n<p>See NORA midi-kleit on selline, mida armastad kanda iga p\u00e4ev. Sellel on meelitav V-kaelus, eesmine pilu ja k\u00fcljetaskud lisafunktsionaalsuse tagamiseks. Kleit on varustatud v\u00f6\u00f6ga, mis annab v\u00f5imaluse kinnitada v\u00f6\u00f6koht, et siluett oleks paremini m\u00e4\u00e4ratletud, v\u00f5i v\u00f5ite seda kanda ilma, et see oleks l\u00f5dvestunud. Slip-on disain tagab h\u00f5lpsa kandmise ning kleit on valmistatud viskoosisegust koos pol\u00fcestri ja elastaaniga, mis tagab mugavuse ja elastsuse. Stiililt sobitad seda olenevalt olukorrast k\u00f5igega alates tossudest kuni saabasteni.<\/p>\n<\/div>\n<div class=\"wpb_custom_62a00e12846b079eb829d6ad33598f3e\">\n<div class=\"product-summary-wrap\">68% viskoosist 27% pol\u00fcestrist 5% elastaanist<\/div>\n<\/div>","protected":false},"excerpt":{"rendered":"<p>Hanna Korsar<\/p>","protected":false},"featured_media":8811,"template":"","meta":[],"product_brand":[],"product_cat":[60,85,42],"product_tag":[],"giftcard-category":[],"class_list":{"0":"post-8810","1":"product","2":"type-product","3":"status-publish","4":"has-post-thumbnail","6":"product_cat-dresses","7":"product_cat-hanna-korsar-3","8":"product_cat-women","10":"first","11":"instock","12":"shipping-taxable","13":"purchasable","14":"product-type-variable","15":"layout-style-6","16":"col-md-4 col-sm-4 col-xs-6","17":"col-lg-3","18":"product-style-default"},"gallery_images":[],"_links":{"self":[{"href":"https:\/\/siluettpood.ee\/et\/wp-json\/wp\/v2\/product\/8810","targetHints":{"allow":["GET"]}}],"collection":[{"href":"https:\/\/siluettpood.ee\/et\/wp-json\/wp\/v2\/product"}],"about":[{"href":"https:\/\/siluettpood.ee\/et\/wp-json\/wp\/v2\/types\/product"}],"version-history":[{"count":0,"href":"https:\/\/siluettpood.ee\/et\/wp-json\/wp\/v2\/product\/8810\/revisions"}],"wp:featuredmedia":[{"embeddable":true,"href":"https:\/\/siluettpood.ee\/et\/wp-json\/wp\/v2\/media\/8811"}],"wp:attachment":[{"href":"https:\/\/siluettpood.ee\/et\/wp-json\/wp\/v2\/media?parent=8810"}],"wp:term":[{"taxonomy":"product_brand","embeddable":true,"href":"https:\/\/siluettpood.ee\/et\/wp-json\/wp\/v2\/product_brand?post=8810"},{"taxonomy":"product_cat","embeddable":true,"href":"https:\/\/siluettpood.ee\/et\/wp-json\/wp\/v2\/product_cat?post=8810"},{"taxonomy":"product_tag","embeddable":true,"href":"https:\/\/siluettpood.ee\/et\/wp-json\/wp\/v2\/product_tag?post=8810"},{"taxonomy":"giftcard-category","embeddable":true,"href":"https:\/\/siluettpood.ee\/et\/wp-json\/wp\/v2\/giftcard-category?post=8810"}],"curies":[{"name":"wp","href":"https:\/\/api.w.org\/{rel}","templated":true}]}}