{"id":8845,"date":"2025-09-19T17:46:30","date_gmt":"2025-09-19T17:46:30","guid":{"rendered":"https:\/\/siluettpood.ee\/?post_type=product&#038;p=8845"},"modified":"2026-02-09T07:59:02","modified_gmt":"2026-02-09T05:59:02","slug":"seosega-kleit","status":"publish","type":"product","link":"https:\/\/siluettpood.ee\/et\/seosega-kleit\/","title":{"rendered":"Seosega kleit"},"content":{"rendered":"<p>Seosega kleit. V\u00f6\u00f6 seotakse eest risti, siis seljatagant risti ja ette s\u00f5lme.<br \/>\nSinine kleit l\u00fchikeste varrukatega. K\u00fclje\u00f5mbluses taskud. Veidi venivast h\u00e4sti hingavast lina-viskoosisegusest kangast.<br \/>\nPaksemast trikotaa\u017eist bee\u017e kuldse prindiga ja heleroheline kleit on kolmveerandvarrukatega ja ilma taskuteta.<br \/>\nKergelt A-l\u00f5ikelise siluetiga. Seljal lukk. Voodrita.<br \/>\nSuurus S (rind 88cm, talje 70cm, puus 96cm)<br \/>\nSuurus M (rind 96cm, talje 78cm, puus 104cm)<br \/>\nSuurus L (rind 104cm, talje 86cm, puus 112cm)<br \/>\nSuurus XL (rind 112cm, talje 94cm, puus 120cm)<br \/>\nSeljapikkus 110cm<\/p>\n<p>koostis: 96%PL 4%EA<\/p>","protected":false},"excerpt":{"rendered":"<p>RAILI N\u00d5LVAK<\/p>","protected":false},"featured_media":8846,"template":"","meta":[],"product_brand":[],"product_cat":[60,92,42],"product_tag":[],"giftcard-category":[],"class_list":{"0":"post-8845","1":"product","2":"type-product","3":"status-publish","4":"has-post-thumbnail","6":"product_cat-dresses","7":"product_cat-raili-nolvak-3","8":"product_cat-women","10":"first","11":"instock","12":"shipping-taxable","13":"purchasable","14":"product-type-variable","15":"layout-style-6","16":"col-md-4 col-sm-4 col-xs-6","17":"col-lg-3","18":"product-has-gallery","19":"product-style-default"},"gallery_images":[8848],"_links":{"self":[{"href":"https:\/\/siluettpood.ee\/et\/wp-json\/wp\/v2\/product\/8845","targetHints":{"allow":["GET"]}}],"collection":[{"href":"https:\/\/siluettpood.ee\/et\/wp-json\/wp\/v2\/product"}],"about":[{"href":"https:\/\/siluettpood.ee\/et\/wp-json\/wp\/v2\/types\/product"}],"version-history":[{"count":2,"href":"https:\/\/siluettpood.ee\/et\/wp-json\/wp\/v2\/product\/8845\/revisions"}],"predecessor-version":[{"id":10296,"href":"https:\/\/siluettpood.ee\/et\/wp-json\/wp\/v2\/product\/8845\/revisions\/10296"}],"wp:featuredmedia":[{"embeddable":true,"href":"https:\/\/siluettpood.ee\/et\/wp-json\/wp\/v2\/media\/8846"}],"wp:attachment":[{"href":"https:\/\/siluettpood.ee\/et\/wp-json\/wp\/v2\/media?parent=8845"}],"wp:term":[{"taxonomy":"product_brand","embeddable":true,"href":"https:\/\/siluettpood.ee\/et\/wp-json\/wp\/v2\/product_brand?post=8845"},{"taxonomy":"product_cat","embeddable":true,"href":"https:\/\/siluettpood.ee\/et\/wp-json\/wp\/v2\/product_cat?post=8845"},{"taxonomy":"product_tag","embeddable":true,"href":"https:\/\/siluettpood.ee\/et\/wp-json\/wp\/v2\/product_tag?post=8845"},{"taxonomy":"giftcard-category","embeddable":true,"href":"https:\/\/siluettpood.ee\/et\/wp-json\/wp\/v2\/giftcard-category?post=8845"}],"curies":[{"name":"wp","href":"https:\/\/api.w.org\/{rel}","templated":true}]}}