{"id":8900,"date":"2025-09-28T14:41:35","date_gmt":"2025-09-28T14:41:35","guid":{"rendered":"https:\/\/siluettpood.ee\/?post_type=product&#038;p=8900"},"modified":"2025-09-28T14:41:35","modified_gmt":"2025-09-28T14:41:35","slug":"arrak-viewers-1970-tote-bag","status":"publish","type":"product","link":"https:\/\/siluettpood.ee\/et\/arrak-viewers-1970-tote-bag\/","title":{"rendered":"ARRAK VAATAJAD 1970 KANDEKOTT"},"content":{"rendered":"<h5>SUURUS<\/h5>\n<p>38X45CM<\/p>\n<h5>MATERJAL<\/h5>\n<p>50%  POL\u00dcESTER, VELUUR (ESIK\u00dcLG), 50% PUUVILL (TAGAK\u00dcLG)<\/p>","protected":false},"excerpt":{"rendered":"<p>MIURIO<\/p>","protected":false},"featured_media":8901,"template":"","meta":[],"product_brand":[],"product_cat":[30,54,122,42],"product_tag":[],"giftcard-category":[],"class_list":{"0":"post-8900","1":"product","2":"type-product","3":"status-publish","4":"has-post-thumbnail","6":"product_cat-accessories","7":"product_cat-bags-accessories","8":"product_cat-miurio-2","9":"product_cat-women","11":"first","12":"instock","13":"shipping-taxable","14":"purchasable","15":"product-type-variable","16":"layout-style-6","17":"col-md-4 col-sm-4 col-xs-6","18":"col-lg-3","19":"product-has-gallery","20":"product-style-default"},"gallery_images":[8902],"_links":{"self":[{"href":"https:\/\/siluettpood.ee\/et\/wp-json\/wp\/v2\/product\/8900","targetHints":{"allow":["GET"]}}],"collection":[{"href":"https:\/\/siluettpood.ee\/et\/wp-json\/wp\/v2\/product"}],"about":[{"href":"https:\/\/siluettpood.ee\/et\/wp-json\/wp\/v2\/types\/product"}],"version-history":[{"count":0,"href":"https:\/\/siluettpood.ee\/et\/wp-json\/wp\/v2\/product\/8900\/revisions"}],"wp:featuredmedia":[{"embeddable":true,"href":"https:\/\/siluettpood.ee\/et\/wp-json\/wp\/v2\/media\/8901"}],"wp:attachment":[{"href":"https:\/\/siluettpood.ee\/et\/wp-json\/wp\/v2\/media?parent=8900"}],"wp:term":[{"taxonomy":"product_brand","embeddable":true,"href":"https:\/\/siluettpood.ee\/et\/wp-json\/wp\/v2\/product_brand?post=8900"},{"taxonomy":"product_cat","embeddable":true,"href":"https:\/\/siluettpood.ee\/et\/wp-json\/wp\/v2\/product_cat?post=8900"},{"taxonomy":"product_tag","embeddable":true,"href":"https:\/\/siluettpood.ee\/et\/wp-json\/wp\/v2\/product_tag?post=8900"},{"taxonomy":"giftcard-category","embeddable":true,"href":"https:\/\/siluettpood.ee\/et\/wp-json\/wp\/v2\/giftcard-category?post=8900"}],"curies":[{"name":"wp","href":"https:\/\/api.w.org\/{rel}","templated":true}]}}