{"id":8948,"date":"2025-10-03T17:42:43","date_gmt":"2025-10-03T17:42:43","guid":{"rendered":"https:\/\/siluettpood.ee\/?post_type=product&#038;p=8948"},"modified":"2026-02-18T12:16:31","modified_gmt":"2026-02-18T10:16:31","slug":"t-sark-hobune-tume-sokolaad","status":"publish","type":"product","link":"https:\/\/siluettpood.ee\/et\/t-sark-hobune-tume-sokolaad\/","title":{"rendered":"T-S\u00e4rk Hobune Tume \u0160okolaad"},"content":{"rendered":"<p>T-s\u00e4rgi muster on inspireeritud loodusest, mis keerleb kui karussell, on l\u00f5bus ja tuuline ning loob m\u00fcstilist meeleolu igasse argip\u00e4eva. T-s\u00e4rk on valmistatud 100% pehmest ja hingavast puuvillast ning sobib ideaalselt igap\u00e4evaseks kandmiseks, kaunis tumeda \u0161okolaadi baastoonides s\u00e4rk. Kitsama l\u00f5ikega mudel, mis on saadaval suurustes S, M, L. 100% Puuvill<\/p>","protected":false},"excerpt":{"rendered":"<p>K\u00c4TLIN KALJUVEE<\/p>","protected":false},"featured_media":8949,"template":"","meta":[],"product_brand":[],"product_cat":[59,90,102,42],"product_tag":[],"giftcard-category":[],"class_list":{"0":"post-8948","1":"product","2":"type-product","3":"status-publish","4":"has-post-thumbnail","6":"product_cat-clothing","7":"product_cat-katlin-kaljuvee-2-2","8":"product_cat-shirts","9":"product_cat-women","11":"first","12":"instock","13":"shipping-taxable","14":"purchasable","15":"product-type-variable","16":"layout-style-6","17":"col-md-4 col-sm-4 col-xs-6","18":"col-lg-3","19":"product-has-gallery","20":"product-style-default"},"gallery_images":[8950],"_links":{"self":[{"href":"https:\/\/siluettpood.ee\/et\/wp-json\/wp\/v2\/product\/8948","targetHints":{"allow":["GET"]}}],"collection":[{"href":"https:\/\/siluettpood.ee\/et\/wp-json\/wp\/v2\/product"}],"about":[{"href":"https:\/\/siluettpood.ee\/et\/wp-json\/wp\/v2\/types\/product"}],"version-history":[{"count":1,"href":"https:\/\/siluettpood.ee\/et\/wp-json\/wp\/v2\/product\/8948\/revisions"}],"predecessor-version":[{"id":10373,"href":"https:\/\/siluettpood.ee\/et\/wp-json\/wp\/v2\/product\/8948\/revisions\/10373"}],"wp:featuredmedia":[{"embeddable":true,"href":"https:\/\/siluettpood.ee\/et\/wp-json\/wp\/v2\/media\/8949"}],"wp:attachment":[{"href":"https:\/\/siluettpood.ee\/et\/wp-json\/wp\/v2\/media?parent=8948"}],"wp:term":[{"taxonomy":"product_brand","embeddable":true,"href":"https:\/\/siluettpood.ee\/et\/wp-json\/wp\/v2\/product_brand?post=8948"},{"taxonomy":"product_cat","embeddable":true,"href":"https:\/\/siluettpood.ee\/et\/wp-json\/wp\/v2\/product_cat?post=8948"},{"taxonomy":"product_tag","embeddable":true,"href":"https:\/\/siluettpood.ee\/et\/wp-json\/wp\/v2\/product_tag?post=8948"},{"taxonomy":"giftcard-category","embeddable":true,"href":"https:\/\/siluettpood.ee\/et\/wp-json\/wp\/v2\/giftcard-category?post=8948"}],"curies":[{"name":"wp","href":"https:\/\/api.w.org\/{rel}","templated":true}]}}