{"id":8958,"date":"2025-10-03T18:21:58","date_gmt":"2025-10-03T18:21:58","guid":{"rendered":"https:\/\/siluettpood.ee\/?post_type=product&#038;p=8958"},"modified":"2025-10-03T18:21:58","modified_gmt":"2025-10-03T18:21:58","slug":"t-shirt-carousel-beige","status":"publish","type":"product","link":"https:\/\/siluettpood.ee\/et\/t-shirt-carousel-beige\/","title":{"rendered":"T-S\u00e4rk Hobukarussell Bee\u017e"},"content":{"rendered":"<p>T-s\u00e4rgi muster on inspireeritud loodusest, mis keerleb kui karussell, on l\u00f5bus ja tuuline ning loob m\u00fcstilist meeleolu igasse argip\u00e4eva. T-s\u00e4rk on valmistatud 100% pehmest ja hingavast puuvillast ning sobib ideaalselt igap\u00e4evaseks kandmiseks, kaunis suvises liivakarva bee\u017eis v\u00e4rvigammas. Kitsama l\u00f5ikega mudel, mis on saadaval suurustes S, M, L. 100% Puuvill<\/p>","protected":false},"excerpt":{"rendered":"<p>K\u00c4TLIN KALJUVEE<\/p>","protected":false},"featured_media":8959,"template":"","meta":[],"product_brand":[],"product_cat":[59],"product_tag":[],"giftcard-category":[],"class_list":{"0":"post-8958","1":"product","2":"type-product","3":"status-publish","4":"has-post-thumbnail","6":"product_cat-clothing","8":"first","9":"instock","10":"shipping-taxable","11":"purchasable","12":"product-type-variable","13":"layout-style-6","14":"col-md-4 col-sm-4 col-xs-6","15":"col-lg-3","16":"product-has-gallery","17":"product-style-default"},"gallery_images":[8960],"_links":{"self":[{"href":"https:\/\/siluettpood.ee\/et\/wp-json\/wp\/v2\/product\/8958","targetHints":{"allow":["GET"]}}],"collection":[{"href":"https:\/\/siluettpood.ee\/et\/wp-json\/wp\/v2\/product"}],"about":[{"href":"https:\/\/siluettpood.ee\/et\/wp-json\/wp\/v2\/types\/product"}],"version-history":[{"count":0,"href":"https:\/\/siluettpood.ee\/et\/wp-json\/wp\/v2\/product\/8958\/revisions"}],"wp:featuredmedia":[{"embeddable":true,"href":"https:\/\/siluettpood.ee\/et\/wp-json\/wp\/v2\/media\/8959"}],"wp:attachment":[{"href":"https:\/\/siluettpood.ee\/et\/wp-json\/wp\/v2\/media?parent=8958"}],"wp:term":[{"taxonomy":"product_brand","embeddable":true,"href":"https:\/\/siluettpood.ee\/et\/wp-json\/wp\/v2\/product_brand?post=8958"},{"taxonomy":"product_cat","embeddable":true,"href":"https:\/\/siluettpood.ee\/et\/wp-json\/wp\/v2\/product_cat?post=8958"},{"taxonomy":"product_tag","embeddable":true,"href":"https:\/\/siluettpood.ee\/et\/wp-json\/wp\/v2\/product_tag?post=8958"},{"taxonomy":"giftcard-category","embeddable":true,"href":"https:\/\/siluettpood.ee\/et\/wp-json\/wp\/v2\/giftcard-category?post=8958"}],"curies":[{"name":"wp","href":"https:\/\/api.w.org\/{rel}","templated":true}]}}