{"id":9208,"date":"2025-10-31T15:14:48","date_gmt":"2025-10-31T15:14:48","guid":{"rendered":"https:\/\/siluettpood.ee\/?post_type=product&#038;p=9208"},"modified":"2025-11-15T10:31:54","modified_gmt":"2025-11-15T10:31:54","slug":"laia-varvliga-voltidega-puksid","status":"publish","type":"product","link":"https:\/\/siluettpood.ee\/et\/laia-varvliga-voltidega-puksid\/","title":{"rendered":"Laia v\u00e4rvliga voltidega p\u00fcksid"},"content":{"rendered":"<p>Laia v\u00e4rvliga, voltidega p\u00fcksid. V\u00e4rvlil 3 v\u00e4ikest n\u00f6\u00f6pi. Lukk k\u00fcljel. Taskutega.Tehtud h\u00e4sti langevast, mittekortsuvast, veidi venivast kost\u00fc\u00fcmikangast v\u00f5i sinisest pestud pehmest teksast v\u00f5i seemisnahkse tundega tumeoran\u017eist kangast. Alt kitseneva siluetiga s\u00e4\u00e4red. Pikkus pahkluuni. (Modelli pikkus pildil 181cm)<\/p>\n<p>Koostis: 66%PL 32%VI 2%EA<br \/>\nTeksa koostis: 100%CO<br \/>\nOran\u017ei koostis: 96%PL 4%EA<br \/>\nHooldus: lubatud \u00f5rn masinpesu<\/p>","protected":false},"excerpt":{"rendered":"<p>RAILI N\u00d5LVAK<\/p>","protected":false},"featured_media":9209,"template":"","meta":[],"product_brand":[],"product_cat":[64,92,42],"product_tag":[],"giftcard-category":[],"class_list":{"0":"post-9208","1":"product","2":"type-product","3":"status-publish","4":"has-post-thumbnail","6":"product_cat-pants","7":"product_cat-raili-nolvak-3","8":"product_cat-women","10":"first","11":"instock","12":"shipping-taxable","13":"purchasable","14":"product-type-variable","15":"layout-style-6","16":"col-md-4 col-sm-4 col-xs-6","17":"col-lg-3","18":"product-has-gallery","19":"product-style-default"},"gallery_images":[9210],"_links":{"self":[{"href":"https:\/\/siluettpood.ee\/et\/wp-json\/wp\/v2\/product\/9208","targetHints":{"allow":["GET"]}}],"collection":[{"href":"https:\/\/siluettpood.ee\/et\/wp-json\/wp\/v2\/product"}],"about":[{"href":"https:\/\/siluettpood.ee\/et\/wp-json\/wp\/v2\/types\/product"}],"version-history":[{"count":0,"href":"https:\/\/siluettpood.ee\/et\/wp-json\/wp\/v2\/product\/9208\/revisions"}],"wp:featuredmedia":[{"embeddable":true,"href":"https:\/\/siluettpood.ee\/et\/wp-json\/wp\/v2\/media\/9209"}],"wp:attachment":[{"href":"https:\/\/siluettpood.ee\/et\/wp-json\/wp\/v2\/media?parent=9208"}],"wp:term":[{"taxonomy":"product_brand","embeddable":true,"href":"https:\/\/siluettpood.ee\/et\/wp-json\/wp\/v2\/product_brand?post=9208"},{"taxonomy":"product_cat","embeddable":true,"href":"https:\/\/siluettpood.ee\/et\/wp-json\/wp\/v2\/product_cat?post=9208"},{"taxonomy":"product_tag","embeddable":true,"href":"https:\/\/siluettpood.ee\/et\/wp-json\/wp\/v2\/product_tag?post=9208"},{"taxonomy":"giftcard-category","embeddable":true,"href":"https:\/\/siluettpood.ee\/et\/wp-json\/wp\/v2\/giftcard-category?post=9208"}],"curies":[{"name":"wp","href":"https:\/\/api.w.org\/{rel}","templated":true}]}}