{"id":9395,"date":"2025-11-17T12:17:29","date_gmt":"2025-11-17T12:17:29","guid":{"rendered":"https:\/\/siluettpood.ee\/?post_type=product&#038;p=9395"},"modified":"2025-11-17T12:17:29","modified_gmt":"2025-11-17T12:17:29","slug":"pants-mette-3","status":"publish","type":"product","link":"https:\/\/siluettpood.ee\/et\/pants-mette-3\/","title":{"rendered":"P\u00fcksid Mette"},"content":{"rendered":"<p>Mette p\u00fcksid on oversize ja maani pikkusega, paeltega reguleeritava elastse v\u00f6\u00f6ga, k\u00fcljetaskute ja oversize l\u00f5ikega. Stiliseeri Mette p\u00fckse erinevate pluuside v\u00f5i s\u00e4rkidega. Universaalne disain nii kandmiseks kodus kui ka puhkusel.<\/p>\n<p>\ud83d\udccfIstuvus - Oversize<\/p>\n<p>\u2655Modelli pikkus 174 cm - kannab suurust XS\/S<\/p>","protected":false},"excerpt":{"rendered":"<p>MUULIN<\/p>","protected":false},"featured_media":9396,"template":"","meta":[],"product_brand":[],"product_cat":[59,103,64,42],"product_tag":[],"giftcard-category":[],"class_list":{"0":"post-9395","1":"product","2":"type-product","3":"status-publish","4":"has-post-thumbnail","6":"product_cat-clothing","7":"product_cat-muulin-2","8":"product_cat-pants","9":"product_cat-women","11":"first","12":"instock","13":"shipping-taxable","14":"purchasable","15":"product-type-variable","16":"layout-style-6","17":"col-md-4 col-sm-4 col-xs-6","18":"col-lg-3","19":"product-has-gallery","20":"product-style-default"},"gallery_images":[9397],"_links":{"self":[{"href":"https:\/\/siluettpood.ee\/et\/wp-json\/wp\/v2\/product\/9395","targetHints":{"allow":["GET"]}}],"collection":[{"href":"https:\/\/siluettpood.ee\/et\/wp-json\/wp\/v2\/product"}],"about":[{"href":"https:\/\/siluettpood.ee\/et\/wp-json\/wp\/v2\/types\/product"}],"version-history":[{"count":0,"href":"https:\/\/siluettpood.ee\/et\/wp-json\/wp\/v2\/product\/9395\/revisions"}],"wp:featuredmedia":[{"embeddable":true,"href":"https:\/\/siluettpood.ee\/et\/wp-json\/wp\/v2\/media\/9396"}],"wp:attachment":[{"href":"https:\/\/siluettpood.ee\/et\/wp-json\/wp\/v2\/media?parent=9395"}],"wp:term":[{"taxonomy":"product_brand","embeddable":true,"href":"https:\/\/siluettpood.ee\/et\/wp-json\/wp\/v2\/product_brand?post=9395"},{"taxonomy":"product_cat","embeddable":true,"href":"https:\/\/siluettpood.ee\/et\/wp-json\/wp\/v2\/product_cat?post=9395"},{"taxonomy":"product_tag","embeddable":true,"href":"https:\/\/siluettpood.ee\/et\/wp-json\/wp\/v2\/product_tag?post=9395"},{"taxonomy":"giftcard-category","embeddable":true,"href":"https:\/\/siluettpood.ee\/et\/wp-json\/wp\/v2\/giftcard-category?post=9395"}],"curies":[{"name":"wp","href":"https:\/\/api.w.org\/{rel}","templated":true}]}}