{"id":9400,"date":"2025-11-17T17:17:54","date_gmt":"2025-11-17T17:17:54","guid":{"rendered":"https:\/\/siluettpood.ee\/?post_type=product&#038;p=9400"},"modified":"2025-11-17T17:17:54","modified_gmt":"2025-11-17T17:17:54","slug":"shirt-anni","status":"publish","type":"product","link":"https:\/\/siluettpood.ee\/et\/shirt-anni\/","title":{"rendered":"S\u00e4rk Anni"},"content":{"rendered":"<p>Anni on klassikaline ja multifunktsionaalne s\u00e4rk mida lisada oma riidekappi. Seda saad kanda nii puhkusel, kontoris, kodus kui ka \u00f5htusel \u00fcritusel. Esiosa on kinnitatav n\u00f6\u00f6pidega ja k\u00fcljed on veidi t\u00f5stetud. Universaalsust lisab klassikaline krae, kaetud n\u00f6\u00f6birida ja koonuse kujuga veidi pikendatud mansetid. Anni s\u00e4rk on t\u00f5esti \u00fcks selliseid tooteid, millele saad oma riidekapis toetuda, mis sobib lihtsalt erinevatesse olukordadesse ja annab sulle v\u00f5imaluse end alati h\u00e4sti tunda ning hea v\u00e4lja n\u00e4ha.<\/p>\n<div class=\"Rte\">\n<p dir=\"ltr\">\ud83d\udccf<strong>Istuvus - Klassikaline<\/strong><\/p>\n<p dir=\"ltr\"><strong>\u2655Modelli pikkus 175 cm \u2013 kannab suurust S<\/strong><\/p>\n<\/div>","protected":false},"excerpt":{"rendered":"<p>MUULIN<\/p>","protected":false},"featured_media":9401,"template":"","meta":[],"product_brand":[],"product_cat":[59,103,102,42],"product_tag":[],"giftcard-category":[],"class_list":{"0":"post-9400","1":"product","2":"type-product","3":"status-publish","4":"has-post-thumbnail","6":"product_cat-clothing","7":"product_cat-muulin-2","8":"product_cat-shirts","9":"product_cat-women","11":"first","12":"instock","13":"shipping-taxable","14":"purchasable","15":"product-type-variable","16":"layout-style-6","17":"col-md-4 col-sm-4 col-xs-6","18":"col-lg-3","19":"product-has-gallery","20":"product-style-default"},"gallery_images":[9402],"_links":{"self":[{"href":"https:\/\/siluettpood.ee\/et\/wp-json\/wp\/v2\/product\/9400","targetHints":{"allow":["GET"]}}],"collection":[{"href":"https:\/\/siluettpood.ee\/et\/wp-json\/wp\/v2\/product"}],"about":[{"href":"https:\/\/siluettpood.ee\/et\/wp-json\/wp\/v2\/types\/product"}],"version-history":[{"count":0,"href":"https:\/\/siluettpood.ee\/et\/wp-json\/wp\/v2\/product\/9400\/revisions"}],"wp:featuredmedia":[{"embeddable":true,"href":"https:\/\/siluettpood.ee\/et\/wp-json\/wp\/v2\/media\/9401"}],"wp:attachment":[{"href":"https:\/\/siluettpood.ee\/et\/wp-json\/wp\/v2\/media?parent=9400"}],"wp:term":[{"taxonomy":"product_brand","embeddable":true,"href":"https:\/\/siluettpood.ee\/et\/wp-json\/wp\/v2\/product_brand?post=9400"},{"taxonomy":"product_cat","embeddable":true,"href":"https:\/\/siluettpood.ee\/et\/wp-json\/wp\/v2\/product_cat?post=9400"},{"taxonomy":"product_tag","embeddable":true,"href":"https:\/\/siluettpood.ee\/et\/wp-json\/wp\/v2\/product_tag?post=9400"},{"taxonomy":"giftcard-category","embeddable":true,"href":"https:\/\/siluettpood.ee\/et\/wp-json\/wp\/v2\/giftcard-category?post=9400"}],"curies":[{"name":"wp","href":"https:\/\/api.w.org\/{rel}","templated":true}]}}